{"id":1695,"date":"2025-07-03T18:05:32","date_gmt":"2025-07-03T15:05:32","guid":{"rendered":"https:\/\/www.hotelmare.com.tr\/restaurant\/"},"modified":"2025-08-20T12:56:18","modified_gmt":"2025-08-20T09:56:18","slug":"restaurant","status":"publish","type":"page","link":"https:\/\/www.hotelmare.com.tr\/fr\/restaurant\/","title":{"rendered":"Restaurant"},"content":{"rendered":"\t\t<div data-elementor-type=\"wp-page\" data-elementor-id=\"1695\" class=\"elementor elementor-1695 elementor-65\">\n\t\t\t\t<div class=\"elementor-element elementor-element-4e814ca6 e-flex e-con-boxed e-con e-parent\" data-id=\"4e814ca6\" data-element_type=\"container\" data-settings=\"{&quot;background_background&quot;:&quot;classic&quot;}\">\n\t\t\t\t\t<div class=\"e-con-inner\">\n\t\t\t\t<div class=\"elementor-element elementor-element-7468d12f elementor-widget elementor-widget-heading\" data-id=\"7468d12f\" data-element_type=\"widget\" data-widget_type=\"heading.default\">\n\t\t\t\t\t<h2 class=\"elementor-heading-title elementor-size-default\">Restaurant<\/h2>\t\t\t\t<\/div>\n\t\t\t\t<div class=\"elementor-element elementor-element-722389dc elementor-icon-list--layout-inline elementor-align-center elementor-list-item-link-full_width elementor-widget elementor-widget-icon-list\" data-id=\"722389dc\" data-element_type=\"widget\" data-widget_type=\"icon-list.default\">\n\t\t\t\t\t\t\t<ul class=\"elementor-icon-list-items elementor-inline-items\">\n\t\t\t\t\t\t\t<li class=\"elementor-icon-list-item elementor-inline-item\">\n\t\t\t\t\t\t\t\t\t\t\t<a href=\"https:\/\/www.hotelmare.com.tr\/fr\/\">\n\n\t\t\t\t\t\t\t\t\t\t\t<span class=\"elementor-icon-list-text\">Accueil<\/span>\n\t\t\t\t\t\t\t\t\t\t\t<\/a>\n\t\t\t\t\t\t\t\t\t<\/li>\n\t\t\t\t\t\t\t\t<li class=\"elementor-icon-list-item elementor-inline-item\">\n\t\t\t\t\t\t\t\t\t\t\t<span class=\"elementor-icon-list-icon\">\n\t\t\t\t\t\t\t<svg aria-hidden=\"true\" class=\"e-font-icon-svg e-fas-chevron-right\" viewBox=\"0 0 320 512\" xmlns=\"http:\/\/www.w3.org\/2000\/svg\"><path d=\"M285.476 272.971L91.132 467.314c-9.373 9.373-24.569 9.373-33.941 0l-22.667-22.667c-9.357-9.357-9.375-24.522-.04-33.901L188.505 256 34.484 101.255c-9.335-9.379-9.317-24.544.04-33.901l22.667-22.667c9.373-9.373 24.569-9.373 33.941 0L285.475 239.03c9.373 9.372 9.373 24.568.001 33.941z\"><\/path><\/svg>\t\t\t\t\t\t<\/span>\n\t\t\t\t\t\t\t\t\t\t<span class=\"elementor-icon-list-text\">Restaurant<\/span>\n\t\t\t\t\t\t\t\t\t<\/li>\n\t\t\t\t\t\t<\/ul>\n\t\t\t\t\t\t<\/div>\n\t\t\t\t\t<\/div>\n\t\t\t\t<\/div>\n\t\t<div class=\"elementor-element elementor-element-4f55ff08 e-flex e-con-boxed e-con e-parent\" data-id=\"4f55ff08\" data-element_type=\"container\">\n\t\t\t\t\t<div class=\"e-con-inner\">\n\t\t<div class=\"elementor-element elementor-element-3d46ae3e e-flex e-con-boxed e-con e-child\" data-id=\"3d46ae3e\" data-element_type=\"container\">\n\t\t\t\t\t<div class=\"e-con-inner\">\n\t\t\t\t<div class=\"elementor-element elementor-element-2cfd6e6b elementor-widget elementor-widget-heading\" data-id=\"2cfd6e6b\" data-element_type=\"widget\" data-widget_type=\"heading.default\">\n\t\t\t\t\t<h2 class=\"elementor-heading-title elementor-size-default\">Restaurant<\/h2>\t\t\t\t<\/div>\n\t\t\t\t<div class=\"elementor-element elementor-element-5421eb6e elementor-widget elementor-widget-heading\" data-id=\"5421eb6e\" data-element_type=\"widget\" data-widget_type=\"heading.default\">\n\t\t\t\t\t<h2 class=\"elementor-heading-title elementor-size-default\">Les Saveurs de Dat\u00e7a \u00ab \u00e0 la Table de Mare \u00bb<\/h2>\t\t\t\t<\/div>\n\t\t\t\t\t<\/div>\n\t\t\t\t<\/div>\n\t\t<div class=\"elementor-element elementor-element-78181af3 e-flex e-con-boxed e-con e-child\" data-id=\"78181af3\" data-element_type=\"container\">\n\t\t\t\t\t<div class=\"e-con-inner\">\n\t\t<div class=\"elementor-element elementor-element-a036e9d e-con-full e-flex e-con e-child\" data-id=\"a036e9d\" data-element_type=\"container\">\n\t\t<div class=\"elementor-element elementor-element-c7898d2 e-con-full e-flex e-con e-child\" data-id=\"c7898d2\" data-element_type=\"container\">\n\t\t\t\t<div class=\"elementor-element elementor-element-fbdcb93 elementor-widget elementor-widget-image\" data-id=\"fbdcb93\" data-element_type=\"widget\" data-widget_type=\"image.default\">\n\t\t\t\t\t\t\t\t\t\t\t\t\t\t\t<img decoding=\"async\" src=\"https:\/\/www.hotelmare.com.tr\/wp-content\/plugins\/elementor\/assets\/images\/placeholder.png\" title=\"\" alt=\"\" loading=\"lazy\" \/>\t\t\t\t\t\t\t\t\t\t\t\t\t\t\t<\/div>\n\t\t\t\t<\/div>\n\t\t<div class=\"elementor-element elementor-element-0e3b445 e-con-full e-flex e-con e-child\" data-id=\"0e3b445\" data-element_type=\"container\">\n\t\t\t\t<div class=\"elementor-element elementor-element-4d180f0 elementor-widget elementor-widget-heading\" data-id=\"4d180f0\" data-element_type=\"widget\" data-widget_type=\"heading.default\">\n\t\t\t\t\t<h2 class=\"elementor-heading-title elementor-size-default\">Petit-d\u00e9jeuner \u00e0 l'Hotel Mare \u00ab : Commencez la journ\u00e9e avec une touche \u00e9g\u00e9enne gr\u00e2ce aux saveurs locales de Dat\u00e7a \u00bb<\/h2>\t\t\t\t<\/div>\n\t\t\t\t<div class=\"elementor-element elementor-element-1494054 elementor-widget elementor-widget-text-editor\" data-id=\"1494054\" data-element_type=\"widget\" data-widget_type=\"text-editor.default\">\n\t\t\t\t\t\t\t\t\tCommencez \u00e9nergiquement la journ\u00e9e avec le petit-d\u00e9jeuner buffet m\u00e9diterran\u00e9en de l&rsquo;Hotel Mare \u00ab ! \u00c0 notre table garnie des saveurs locales de Dat\u00e7a \u00bb, de plats frais \u00e0 l&rsquo;huile d&rsquo;olive, de produits biologiques et de go\u00fbts \u00e9g\u00e9ens incomparables, vous ressentirez la richesse de la nature et de la culture \u00e0 chaque bouch\u00e9e. Nous vous attendons dans notre restaurant pour vivre cette exp\u00e9rience de petit-d\u00e9jeuner unique avec vue sur la mer.  \t\t\t\t\t\t\t\t<\/div>\n\t\t\t\t<\/div>\n\t\t\t\t<\/div>\n\t\t\t\t\t<\/div>\n\t\t\t\t<\/div>\n\t\t<div class=\"elementor-element elementor-element-0f622b4 e-con-full e-flex e-con e-child\" data-id=\"0f622b4\" data-element_type=\"container\">\n\t\t<div class=\"elementor-element elementor-element-d9d7342 e-con-full e-flex e-con e-child\" data-id=\"d9d7342\" data-element_type=\"container\">\n\t\t<div class=\"elementor-element elementor-element-de69fa1 e-con-full e-flex e-con e-child\" data-id=\"de69fa1\" data-element_type=\"container\">\n\t\t\t\t<div class=\"elementor-element elementor-element-0b5ed81 elementor-widget elementor-widget-image\" data-id=\"0b5ed81\" data-element_type=\"widget\" data-widget_type=\"image.default\">\n\t\t\t\t\t\t\t\t\t\t\t\t\t\t\t<img decoding=\"async\" src=\"https:\/\/www.hotelmare.com.tr\/wp-content\/plugins\/elementor\/assets\/images\/placeholder.png\" title=\"\" alt=\"\" loading=\"lazy\" \/>\t\t\t\t\t\t\t\t\t\t\t\t\t\t\t<\/div>\n\t\t\t\t<\/div>\n\t\t<div class=\"elementor-element elementor-element-d4a8ac0 e-con-full e-flex e-con e-child\" data-id=\"d4a8ac0\" data-element_type=\"container\">\n\t\t\t\t<div class=\"elementor-element elementor-element-c3464a3 elementor-widget elementor-widget-heading\" data-id=\"c3464a3\" data-element_type=\"widget\" data-widget_type=\"heading.default\">\n\t\t\t\t\t<h2 class=\"elementor-heading-title elementor-size-default\">D\u00e9jeuner \u00e0 l'Hotel Mare \u00ab : La Fra\u00eecheur de l'\u00c9g\u00e9e \u00bb, la Diversit\u00e9 des Saveurs\n<\/h2>\t\t\t\t<\/div>\n\t\t\t\t<div class=\"elementor-element elementor-element-4a42eeb elementor-widget elementor-widget-text-editor\" data-id=\"4a42eeb\" data-element_type=\"widget\" data-widget_type=\"text-editor.default\">\n\t\t\t\t\t\t\t\t\t<p>Partez pour un voyage culinaire avec le d\u00e9jeuner \u00e0 l&rsquo;Hotel Mare ! Avec notre vaste menu allant des hamburgers aux salades fra\u00eeches en passant par de d\u00e9licieuses p\u00e2tes, nous satisfaisons tous les go\u00fbts. D\u00e9couvrez nos plats pr\u00e9par\u00e9s avec les ingr\u00e9dients frais de l&rsquo;\u00c9g\u00e9e dans l&rsquo;atmosph\u00e8re paisible de Dat\u00e7a. R\u00e9servez imm\u00e9diatement votre place pour un plaisir de d\u00e9jeuner inoubliable avec vue sur la mer, ne manquez pas ce festin de saveurs !   <\/p>\t\t\t\t\t\t\t\t<\/div>\n\t\t\t\t<\/div>\n\t\t\t\t<\/div>\n\t\t\t\t<\/div>\n\t\t<div class=\"elementor-element elementor-element-c5e715d e-con-full e-flex e-con e-child\" data-id=\"c5e715d\" data-element_type=\"container\">\n\t\t<div class=\"elementor-element elementor-element-760e442 e-con-full e-flex e-con e-child\" data-id=\"760e442\" data-element_type=\"container\">\n\t\t<div class=\"elementor-element elementor-element-b708280 e-con-full e-flex e-con e-child\" data-id=\"b708280\" data-element_type=\"container\">\n\t\t\t\t<div class=\"elementor-element elementor-element-0bcb979 elementor-widget elementor-widget-image\" data-id=\"0bcb979\" data-element_type=\"widget\" data-widget_type=\"image.default\">\n\t\t\t\t\t\t\t\t\t\t\t\t\t\t\t<img decoding=\"async\" src=\"https:\/\/www.hotelmare.com.tr\/wp-content\/plugins\/elementor\/assets\/images\/placeholder.png\" title=\"\" alt=\"\" loading=\"lazy\" \/>\t\t\t\t\t\t\t\t\t\t\t\t\t\t\t<\/div>\n\t\t\t\t<\/div>\n\t\t<div class=\"elementor-element elementor-element-54f097d e-con-full e-flex e-con e-child\" data-id=\"54f097d\" data-element_type=\"container\">\n\t\t\t\t<div class=\"elementor-element elementor-element-f26e635 elementor-widget elementor-widget-heading\" data-id=\"f26e635\" data-element_type=\"widget\" data-widget_type=\"heading.default\">\n\t\t\t\t\t<h2 class=\"elementor-heading-title elementor-size-default\">D\u00eener \u00e0 l'Hotel Mare \u00ab : Un Festin Inoubliable avec les Saveurs \u00e0 l'Huile d'Olive de l'\u00c9g\u00e9e \u00bb<\/h2>\t\t\t\t<\/div>\n\t\t\t\t<div class=\"elementor-element elementor-element-1354af6 elementor-widget elementor-widget-text-editor\" data-id=\"1354af6\" data-element_type=\"widget\" data-widget_type=\"text-editor.default\">\n\t\t\t\t\t\t\t\t\t<p>Laissez-vous envo\u00fbter par la magie de l&rsquo;\u00c9g\u00e9e avec le d\u00eener \u00e0 l&rsquo;Hotel Mare ! Un festin de saveurs vous attend avec notre menu \u00e0 la carte o\u00f9 se rencontrent de d\u00e9licieux mezze pr\u00e9par\u00e9s avec notre propre huile d&rsquo;olive, des salades fra\u00eeches, une s\u00e9lection de viandes et poissons, ainsi que des desserts. R\u00e9servez imm\u00e9diatement pour vivre cette exp\u00e9rience gastronomique inoubliable avec la vue incomparable de Dat\u00e7a, rendez votre soir\u00e9e sp\u00e9ciale !  <\/p>\t\t\t\t\t\t\t\t<\/div>\n\t\t\t\t<\/div>\n\t\t\t\t<\/div>\n\t\t\t\t<\/div>\n\t\t\t\t\t<\/div>\n\t\t\t\t<\/div>\n\t\t\t\t<\/div>\n\t\t","protected":false},"excerpt":{"rendered":"<p>Restaurant Accueil Restaurant Restaurant Les Saveurs de Dat\u00e7a \u00ab \u00e0 la Table de Mare \u00bb Petit-d\u00e9jeuner \u00e0 l&rsquo;Hotel Mare \u00ab : Commencez la journ\u00e9e avec une touche \u00e9g\u00e9enne gr\u00e2ce aux saveurs locales de Dat\u00e7a \u00bb Commencez \u00e9nergiquement la journ\u00e9e avec le petit-d\u00e9jeuner buffet m\u00e9diterran\u00e9en de l&rsquo;Hotel Mare \u00ab ! \u00c0 notre table garnie des saveurs [&hellip;]<\/p>\n","protected":false},"author":1,"featured_media":0,"parent":0,"menu_order":0,"comment_status":"closed","ping_status":"closed","template":"elementor_header_footer","meta":{"footnotes":""},"class_list":["post-1695","page","type-page","status-publish","hentry"],"_links":{"self":[{"href":"https:\/\/www.hotelmare.com.tr\/fr\/wp-json\/wp\/v2\/pages\/1695","targetHints":{"allow":["GET"]}}],"collection":[{"href":"https:\/\/www.hotelmare.com.tr\/fr\/wp-json\/wp\/v2\/pages"}],"about":[{"href":"https:\/\/www.hotelmare.com.tr\/fr\/wp-json\/wp\/v2\/types\/page"}],"author":[{"embeddable":true,"href":"https:\/\/www.hotelmare.com.tr\/fr\/wp-json\/wp\/v2\/users\/1"}],"replies":[{"embeddable":true,"href":"https:\/\/www.hotelmare.com.tr\/fr\/wp-json\/wp\/v2\/comments?post=1695"}],"version-history":[{"count":1,"href":"https:\/\/www.hotelmare.com.tr\/fr\/wp-json\/wp\/v2\/pages\/1695\/revisions"}],"predecessor-version":[{"id":1696,"href":"https:\/\/www.hotelmare.com.tr\/fr\/wp-json\/wp\/v2\/pages\/1695\/revisions\/1696"}],"wp:attachment":[{"href":"https:\/\/www.hotelmare.com.tr\/fr\/wp-json\/wp\/v2\/media?parent=1695"}],"curies":[{"name":"wp","href":"https:\/\/api.w.org\/{rel}","templated":true}]}}