{"id":1595,"date":"2025-07-03T18:09:24","date_gmt":"2025-07-03T15:09:24","guid":{"rendered":"https:\/\/www.hotelmare.com.tr\/nos-tarifs\/"},"modified":"2026-03-16T23:13:30","modified_gmt":"2026-03-16T20:13:30","slug":"nos-tarifs","status":"publish","type":"page","link":"https:\/\/www.hotelmare.com.tr\/fr\/nos-tarifs\/","title":{"rendered":"Nos tarifs"},"content":{"rendered":"\t\t<div data-elementor-type=\"wp-page\" data-elementor-id=\"1595\" class=\"elementor elementor-1595 elementor-95\">\n\t\t\t\t<div class=\"elementor-element elementor-element-4e315761 e-flex e-con-boxed e-con e-parent\" data-id=\"4e315761\" data-element_type=\"container\" data-settings=\"{&quot;background_background&quot;:&quot;classic&quot;}\">\n\t\t\t\t\t<div class=\"e-con-inner\">\n\t\t\t\t<div class=\"elementor-element elementor-element-665edbbf elementor-widget elementor-widget-heading\" data-id=\"665edbbf\" data-element_type=\"widget\" data-widget_type=\"heading.default\">\n\t\t\t\t\t<h2 class=\"elementor-heading-title elementor-size-default\">Nos tarifs<\/h2>\t\t\t\t<\/div>\n\t\t\t\t<div class=\"elementor-element elementor-element-74764f5d elementor-icon-list--layout-inline elementor-align-center elementor-list-item-link-full_width elementor-widget elementor-widget-icon-list\" data-id=\"74764f5d\" data-element_type=\"widget\" data-widget_type=\"icon-list.default\">\n\t\t\t\t\t\t\t<ul class=\"elementor-icon-list-items elementor-inline-items\">\n\t\t\t\t\t\t\t<li class=\"elementor-icon-list-item elementor-inline-item\">\n\t\t\t\t\t\t\t\t\t\t\t<a href=\"https:\/\/www.hotelmare.com.tr\/fr\/\">\n\n\t\t\t\t\t\t\t\t\t\t\t<span class=\"elementor-icon-list-text\">Accueil<\/span>\n\t\t\t\t\t\t\t\t\t\t\t<\/a>\n\t\t\t\t\t\t\t\t\t<\/li>\n\t\t\t\t\t\t\t\t<li class=\"elementor-icon-list-item elementor-inline-item\">\n\t\t\t\t\t\t\t\t\t\t\t<span class=\"elementor-icon-list-icon\">\n\t\t\t\t\t\t\t<svg aria-hidden=\"true\" class=\"e-font-icon-svg e-fas-chevron-right\" viewBox=\"0 0 320 512\" xmlns=\"http:\/\/www.w3.org\/2000\/svg\"><path d=\"M285.476 272.971L91.132 467.314c-9.373 9.373-24.569 9.373-33.941 0l-22.667-22.667c-9.357-9.357-9.375-24.522-.04-33.901L188.505 256 34.484 101.255c-9.335-9.379-9.317-24.544.04-33.901l22.667-22.667c9.373-9.373 24.569-9.373 33.941 0L285.475 239.03c9.373 9.372 9.373 24.568.001 33.941z\"><\/path><\/svg>\t\t\t\t\t\t<\/span>\n\t\t\t\t\t\t\t\t\t\t<span class=\"elementor-icon-list-text\">Nos tarifs<\/span>\n\t\t\t\t\t\t\t\t\t<\/li>\n\t\t\t\t\t\t<\/ul>\n\t\t\t\t\t\t<\/div>\n\t\t\t\t\t<\/div>\n\t\t\t\t<\/div>\n\t\t<div class=\"elementor-element elementor-element-669afdd6 e-flex e-con-boxed e-con e-parent\" data-id=\"669afdd6\" data-element_type=\"container\">\n\t\t\t\t\t<div class=\"e-con-inner\">\n\t\t\t\t<div class=\"elementor-element elementor-element-62329a09 elementor-widget elementor-widget-heading\" data-id=\"62329a09\" data-element_type=\"widget\" data-widget_type=\"heading.default\">\n\t\t\t\t\t<h2 class=\"elementor-heading-title elementor-size-default\">Tarification<\/h2>\t\t\t\t<\/div>\n\t\t\t\t<div class=\"elementor-element elementor-element-eef129c elementor-widget elementor-widget-heading\" data-id=\"eef129c\" data-element_type=\"widget\" data-widget_type=\"heading.default\">\n\t\t\t\t\t<h5 class=\"elementor-heading-title elementor-size-default\">Note importante : Veuillez nous contacter pour les tarifs appliqu\u00e9s pendant les jours f\u00e9ri\u00e9s officiels.<\/h5>\t\t\t\t<\/div>\n\t\t<div class=\"elementor-element elementor-element-652a8c92 e-con-full e-flex e-con e-child\" data-id=\"652a8c92\" data-element_type=\"container\">\n\t\t<div class=\"elementor-element elementor-element-5d7b0025 e-con-full e-flex e-con e-child\" data-id=\"5d7b0025\" data-element_type=\"container\">\n\t\t<div class=\"elementor-element elementor-element-505d6e95 e-con-full e-flex e-con e-child\" data-id=\"505d6e95\" data-element_type=\"container\" data-settings=\"{&quot;background_background&quot;:&quot;classic&quot;}\">\n\t\t<div class=\"elementor-element elementor-element-42faec19 e-flex e-con-boxed e-con e-child\" data-id=\"42faec19\" data-element_type=\"container\">\n\t\t\t\t\t<div class=\"e-con-inner\">\n\t\t\t\t<div class=\"elementor-element elementor-element-2b13cc8f elementor-widget elementor-widget-heading\" data-id=\"2b13cc8f\" data-element_type=\"widget\" data-widget_type=\"heading.default\">\n\t\t\t\t\t<h2 class=\"elementor-heading-title elementor-size-default\">LISTE DES PRIX HOTEL MARE 2026 (AVRIL - MAI - JUIN \/ OCTOBRE  D\u00c9CEMBRE)<\/h2>\t\t\t\t<\/div>\n\t\t\t\t<div class=\"elementor-element elementor-element-331cd17 elementor-widget elementor-widget-text-editor\" data-id=\"331cd17\" data-element_type=\"widget\" data-widget_type=\"text-editor.default\">\n\t\t\t\t\t\t\t\t\t<table style=\"width: 100%px; text-align: center; margin-top: 10px; font-family: mareFont;\" cellspacing=\"0\" cellpadding=\"15px\"><tbody><tr style=\"background-color: #838383; color: white; height: 25px; line-height: 25px;\"><td><span id=\"ctl00_ContentPlaceHolder1_rptRates_ctl00_lblTRoomType\">TYPE DE CHAMBRE<\/span><\/td><td><span id=\"ctl00_ContentPlaceHolder1_rptRates_ctl00_lblTAccType\">Type d&rsquo;h\u00e9bergement<\/span><\/td><td><span id=\"ctl00_ContentPlaceHolder1_rptRates_ctl00_lblTPerPerson\">H\u00c9BERGEMENT PAR PERSONNE<\/span><\/td><td><span id=\"ctl00_ContentPlaceHolder1_rptRates_ctl00_lblTTwoPerson\">LIT SUPPL\u00c9MENTAIRE<\/span><\/td><td><span id=\"ctl00_ContentPlaceHolder1_rptRates_ctl00_lblTTwoPlusOne\">H\u00c9BERGEMENT INDIVIDUEL<\/span><\/td><\/tr><tr style=\"font-size: 11pt; height: 25px; line-height: 25px;\"><td><span id=\"ctl00_ContentPlaceHolder1_rptRates_ctl00_rptRateItem_ctl00_lblRoomType\">REZ-DE-CHAUSS\u00c9E &#8211; CHAMBRE STANDARD<\/span><\/td><td><span id=\"ctl00_ContentPlaceHolder1_rptRates_ctl00_rptRateItem_ctl00_lblAccType\">Chambre Petit-d\u00e9jeuner<\/span><\/td><td><span id=\"ctl00_ContentPlaceHolder1_rptRates_ctl00_rptRateItem_ctl00_lblPerPerson\">3.500 \u20ba<\/span><\/td><td><span id=\"ctl00_ContentPlaceHolder1_rptRates_ctl00_rptRateItem_ctl00_lblTwoPerson\">2.450 \u20ba<\/span><\/td><td><span id=\"ctl00_ContentPlaceHolder1_rptRates_ctl00_rptRateItem_ctl00_lblTwoPlusOne\">5.250 \u20ba<\/span><\/td><\/tr><tr style=\"font-size: 11pt; height: 25px; line-height: 25px;\"><td><span id=\"ctl00_ContentPlaceHolder1_rptRates_ctl00_rptRateItem_ctl01_lblRoomType\">CHAMBRE STANDARD<\/span><\/td><td><span id=\"ctl00_ContentPlaceHolder1_rptRates_ctl00_rptRateItem_ctl01_lblAccType\">Chambre Petit-d\u00e9jeuner<\/span><\/td><td><span id=\"ctl00_ContentPlaceHolder1_rptRates_ctl00_rptRateItem_ctl01_lblPerPerson\">4.000 \u20ba<\/span><\/td><td><span id=\"ctl00_ContentPlaceHolder1_rptRates_ctl00_rptRateItem_ctl01_lblTwoPerson\">2.800 \u20ba<\/span><\/td><td><span id=\"ctl00_ContentPlaceHolder1_rptRates_ctl00_rptRateItem_ctl01_lblTwoPlusOne\">6.000 \u20ba<\/span><\/td><\/tr><tr style=\"font-size: 11pt; height: 25px; line-height: 25px;\"><td><span id=\"ctl00_ContentPlaceHolder1_rptRates_ctl00_rptRateItem_ctl02_lblRoomType\">DEMI-SUITE<\/span><\/td><td><span id=\"ctl00_ContentPlaceHolder1_rptRates_ctl00_rptRateItem_ctl02_lblAccType\">Chambre Petit-d\u00e9jeuner<\/span><\/td><td><span id=\"ctl00_ContentPlaceHolder1_rptRates_ctl00_rptRateItem_ctl02_lblPerPerson\">12.000 \u20ba<\/span><\/td><td><span id=\"ctl00_ContentPlaceHolder1_rptRates_ctl00_rptRateItem_ctl01_lblTwoPerson\">2.800 \u20ba<\/span><\/td><td><span id=\"ctl00_ContentPlaceHolder1_rptRates_ctl00_rptRateItem_ctl02_lblTwoPlusOne\">12.000 \u20ba<\/span><\/td><\/tr><tr style=\"font-size: 11pt; height: 25px; line-height: 25px;\"><td><span id=\"ctl00_ContentPlaceHolder1_rptRates_ctl00_rptRateItem_ctl03_lblRoomType\">SUITE COMPL\u00c8TE<\/span><\/td><td><span id=\"ctl00_ContentPlaceHolder1_rptRates_ctl00_rptRateItem_ctl03_lblAccType\">Chambre Petit-d\u00e9jeuner<\/span><\/td><td><span id=\"ctl00_ContentPlaceHolder1_rptRates_ctl00_rptRateItem_ctl03_lblPerPerson\">14.000 \u20ba<\/span><\/td><td><span id=\"ctl00_ContentPlaceHolder1_rptRates_ctl00_rptRateItem_ctl01_lblTwoPerson\">2.800 \u20ba<\/span><\/td><td><span id=\"ctl00_ContentPlaceHolder1_rptRates_ctl00_rptRateItem_ctl03_lblTwoPlusOne\">14.000 \u20ba<\/span><\/td><\/tr><\/tbody><\/table>\t\t\t\t\t\t\t\t<\/div>\n\t\t\t\t<div class=\"elementor-element elementor-element-cfd9749 elementor-widget elementor-widget-image\" data-id=\"cfd9749\" data-element_type=\"widget\" data-widget_type=\"image.default\">\n\t\t\t\t\t\t\t\t\t\t\t\t\t\t\t<img decoding=\"async\" width=\"459\" height=\"11\" src=\"https:\/\/www.hotelmare.com.tr\/wp-content\/uploads\/2025\/07\/textBorder.png\" class=\"attachment-large size-large wp-image-1223\" alt=\"\" srcset=\"https:\/\/www.hotelmare.com.tr\/wp-content\/uploads\/2025\/07\/textBorder.png 459w, https:\/\/www.hotelmare.com.tr\/wp-content\/uploads\/2025\/07\/textBorder-300x7.png 300w\" sizes=\"(max-width: 459px) 100vw, 459px\" \/>\t\t\t\t\t\t\t\t\t\t\t\t\t\t\t<\/div>\n\t\t\t\t<div class=\"elementor-element elementor-element-53c7b4d elementor-widget elementor-widget-heading\" data-id=\"53c7b4d\" data-element_type=\"widget\" data-widget_type=\"heading.default\">\n\t\t\t\t\t<h2 class=\"elementor-heading-title elementor-size-default\">LISTE DES PRIX HOTEL MARE 2026 (JUILLET - AO\u00dbT - SEPTEMBRE)\n<\/h2>\t\t\t\t<\/div>\n\t\t\t\t<div class=\"elementor-element elementor-element-28a2bdb elementor-widget elementor-widget-text-editor\" data-id=\"28a2bdb\" data-element_type=\"widget\" data-widget_type=\"text-editor.default\">\n\t\t\t\t\t\t\t\t\t<table style=\"width: 100%; text-align: center; margin-top: 10px; font-family: mareFont;\" cellspacing=\"0\" cellpadding=\"15px\"><tbody><tr style=\"background-color: #838383; color: white; height: 25px; line-height: 25px;\"><td><span id=\"ctl00_ContentPlaceHolder1_rptRates_ctl01_lblTRoomType\">TYPE DE CHAMBRE<\/span><\/td><td><span id=\"ctl00_ContentPlaceHolder1_rptRates_ctl01_lblTAccType\">Type d&rsquo;h\u00e9bergement<\/span><\/td><td><span id=\"ctl00_ContentPlaceHolder1_rptRates_ctl01_lblTPerPerson\">H\u00c9BERGEMENT PAR PERSONNE<\/span><\/td><td><span id=\"ctl00_ContentPlaceHolder1_rptRates_ctl01_lblTTwoPerson\">LIT SUPPL\u00c9MENTAIRE<\/span><\/td><td><span id=\"ctl00_ContentPlaceHolder1_rptRates_ctl01_lblTTwoPlusOne\">H\u00c9BERGEMENT INDIVIDUEL<\/span><\/td><\/tr><tr style=\"font-size: 11pt; height: 25px; line-height: 25px;\"><td><span id=\"ctl00_ContentPlaceHolder1_rptRates_ctl01_rptRateItem_ctl00_lblRoomType\">REZ-DE-CHAUSS\u00c9E &#8211; CHAMBRE STANDARD<\/span><\/td><td><span id=\"ctl00_ContentPlaceHolder1_rptRates_ctl01_rptRateItem_ctl00_lblAccType\">Chambre Petit-d\u00e9jeuner<\/span><\/td><td><span id=\"ctl00_ContentPlaceHolder1_rptRates_ctl01_rptRateItem_ctl00_lblPerPerson\">5.000 \u20ba<\/span><\/td><td><span id=\"ctl00_ContentPlaceHolder1_rptRates_ctl01_rptRateItem_ctl03_lblTwoPerson\">3.500 \u20ba<\/span><\/td><td><span id=\"ctl00_ContentPlaceHolder1_rptRates_ctl01_rptRateItem_ctl00_lblTwoPlusOne\">7.500 \u20ba<\/span><\/td><\/tr><tr style=\"font-size: 11pt; height: 25px; line-height: 25px;\"><td><span id=\"ctl00_ContentPlaceHolder1_rptRates_ctl01_rptRateItem_ctl01_lblRoomType\">CHAMBRE STANDARD<\/span><\/td><td><span id=\"ctl00_ContentPlaceHolder1_rptRates_ctl01_rptRateItem_ctl01_lblAccType\">Chambre Petit-d\u00e9jeuner<\/span><\/td><td><span id=\"ctl00_ContentPlaceHolder1_rptRates_ctl01_rptRateItem_ctl01_lblPerPerson\">5.500 \u20ba<\/span><\/td><td><span id=\"ctl00_ContentPlaceHolder1_rptRates_ctl01_rptRateItem_ctl03_lblTwoPerson\">3.850 \u20ba<\/span><\/td><td><span id=\"ctl00_ContentPlaceHolder1_rptRates_ctl01_rptRateItem_ctl01_lblTwoPlusOne\">8.250 \u20ba<\/span><\/td><\/tr><tr style=\"font-size: 11pt; height: 25px; line-height: 25px;\"><td><span id=\"ctl00_ContentPlaceHolder1_rptRates_ctl01_rptRateItem_ctl02_lblRoomType\">DEMI-SUITE<\/span><\/td><td><span id=\"ctl00_ContentPlaceHolder1_rptRates_ctl01_rptRateItem_ctl02_lblAccType\">Chambre Petit-d\u00e9jeuner<\/span><\/td><td><span id=\"ctl00_ContentPlaceHolder1_rptRates_ctl01_rptRateItem_ctl02_lblPerPerson\">16.500 \u20ba<\/span><\/td><td><span id=\"ctl00_ContentPlaceHolder1_rptRates_ctl01_rptRateItem_ctl03_lblTwoPerson\">3.850 \u20ba<\/span><\/td><td><span id=\"ctl00_ContentPlaceHolder1_rptRates_ctl01_rptRateItem_ctl02_lblTwoPlusOne\">16.500 \u20ba<\/span><\/td><\/tr><tr style=\"font-size: 11pt; height: 25px; line-height: 25px;\"><td><span id=\"ctl00_ContentPlaceHolder1_rptRates_ctl01_rptRateItem_ctl03_lblRoomType\">SUITE COMPL\u00c8TE<\/span><\/td><td><span id=\"ctl00_ContentPlaceHolder1_rptRates_ctl01_rptRateItem_ctl03_lblAccType\">Chambre Petit-d\u00e9jeuner<\/span><\/td><td><span id=\"ctl00_ContentPlaceHolder1_rptRates_ctl01_rptRateItem_ctl03_lblPerPerson\">19.250 \u20ba<\/span><\/td><td><span id=\"ctl00_ContentPlaceHolder1_rptRates_ctl01_rptRateItem_ctl03_lblTwoPerson\">3.850 \u20ba<\/span><\/td><td><span id=\"ctl00_ContentPlaceHolder1_rptRates_ctl01_rptRateItem_ctl03_lblTwoPlusOne\">19.250 \u20ba<\/span><\/td><\/tr><\/tbody><\/table>\t\t\t\t\t\t\t\t<\/div>\n\t\t\t\t<div class=\"elementor-element elementor-element-55734a8 elementor-widget elementor-widget-text-editor\" data-id=\"55734a8\" data-element_type=\"widget\" data-widget_type=\"text-editor.default\">\n\t\t\t\t\t\t\t\t\t<p>&#8211; La TVA est incluse dans nos tarifs.<br>&#8211; Les enfants de moins de 7 ans s\u00e9journent gratuitement.<br>&#8211; Les enfants de 7 \u00e0 12 ans b\u00e9n\u00e9ficient d&rsquo;une r\u00e9duction de 50 %.<br>&#8211; Le prix de la Demi-Suite est par personne pour 3 personnes.<br>&#8211; Le prix de la Suite Compl\u00e8te est par personne pour 4 personnes.<\/p>\t\t\t\t\t\t\t\t<\/div>\n\t\t\t\t\t<\/div>\n\t\t\t\t<\/div>\n\t\t<div class=\"elementor-element elementor-element-48b64255 e-flex e-con-boxed e-con e-child\" data-id=\"48b64255\" data-element_type=\"container\">\n\t\t\t\t\t<div class=\"e-con-inner\">\n\t\t\t\t<div class=\"elementor-element elementor-element-7f730610 e-transform elementor-widget elementor-widget-jkit_button\" data-id=\"7f730610\" data-element_type=\"widget\" data-settings=\"{&quot;_transform_scale_effect_hover&quot;:{&quot;unit&quot;:&quot;px&quot;,&quot;size&quot;:&quot;0.9&quot;,&quot;sizes&quot;:[]},&quot;_transform_scale_effect_hover_tablet&quot;:{&quot;unit&quot;:&quot;px&quot;,&quot;size&quot;:&quot;&quot;,&quot;sizes&quot;:[]},&quot;_transform_scale_effect_hover_mobile&quot;:{&quot;unit&quot;:&quot;px&quot;,&quot;size&quot;:&quot;&quot;,&quot;sizes&quot;:[]}}\" data-widget_type=\"jkit_button.default\">\n\t\t\t\t\t<div  class=\"jeg-elementor-kit jkit-button  icon-position-before jeg_module___69e0d09c3dc50\" ><a href=\"https:\/\/www.hotelmare.com.tr\/rezervasyon\/\" class=\"jkit-button-wrapper\">Rezervasyon Formu<\/a><\/div>\t\t\t\t<\/div>\n\t\t\t\t\t<\/div>\n\t\t\t\t<\/div>\n\t\t\t\t<\/div>\n\t\t\t\t<\/div>\n\t\t\t\t<\/div>\n\t\t\t\t\t<\/div>\n\t\t\t\t<\/div>\n\t\t\t\t<\/div>\n\t\t","protected":false},"excerpt":{"rendered":"<p>Nos tarifs Accueil Nos tarifs Tarification Note importante : Veuillez nous contacter pour les tarifs appliqu\u00e9s pendant les jours f\u00e9ri\u00e9s officiels. LISTE DES PRIX HOTEL MARE 2026 (AVRIL &#8211; MAI &#8211; JUIN \/ OCTOBRE D\u00c9CEMBRE) TYPE DE CHAMBRE Type d&rsquo;h\u00e9bergement H\u00c9BERGEMENT PAR PERSONNE LIT SUPPL\u00c9MENTAIRE H\u00c9BERGEMENT INDIVIDUEL REZ-DE-CHAUSS\u00c9E &#8211; CHAMBRE STANDARD Chambre Petit-d\u00e9jeuner 3.500 \u20ba [&hellip;]<\/p>\n","protected":false},"author":1,"featured_media":0,"parent":0,"menu_order":0,"comment_status":"closed","ping_status":"closed","template":"elementor_header_footer","meta":{"footnotes":""},"class_list":["post-1595","page","type-page","status-publish","hentry"],"_links":{"self":[{"href":"https:\/\/www.hotelmare.com.tr\/fr\/wp-json\/wp\/v2\/pages\/1595","targetHints":{"allow":["GET"]}}],"collection":[{"href":"https:\/\/www.hotelmare.com.tr\/fr\/wp-json\/wp\/v2\/pages"}],"about":[{"href":"https:\/\/www.hotelmare.com.tr\/fr\/wp-json\/wp\/v2\/types\/page"}],"author":[{"embeddable":true,"href":"https:\/\/www.hotelmare.com.tr\/fr\/wp-json\/wp\/v2\/users\/1"}],"replies":[{"embeddable":true,"href":"https:\/\/www.hotelmare.com.tr\/fr\/wp-json\/wp\/v2\/comments?post=1595"}],"version-history":[{"count":7,"href":"https:\/\/www.hotelmare.com.tr\/fr\/wp-json\/wp\/v2\/pages\/1595\/revisions"}],"predecessor-version":[{"id":1920,"href":"https:\/\/www.hotelmare.com.tr\/fr\/wp-json\/wp\/v2\/pages\/1595\/revisions\/1920"}],"wp:attachment":[{"href":"https:\/\/www.hotelmare.com.tr\/fr\/wp-json\/wp\/v2\/media?parent=1595"}],"curies":[{"name":"wp","href":"https:\/\/api.w.org\/{rel}","templated":true}]}}