{"id":1579,"date":"2025-07-03T18:24:17","date_gmt":"2025-07-03T15:24:17","guid":{"rendered":"https:\/\/www.hotelmare.com.tr\/a-propos-de-datca\/"},"modified":"2025-08-20T12:54:26","modified_gmt":"2025-08-20T09:54:26","slug":"a-propos-de-datca","status":"publish","type":"page","link":"https:\/\/www.hotelmare.com.tr\/fr\/a-propos-de-datca\/","title":{"rendered":"\u00c0 propos de Dat\u00e7a"},"content":{"rendered":"\t\t<div data-elementor-type=\"wp-page\" data-elementor-id=\"1579\" class=\"elementor elementor-1579 elementor-172\">\n\t\t\t\t<div class=\"elementor-element elementor-element-53396d63 e-flex e-con-boxed e-con e-parent\" data-id=\"53396d63\" data-element_type=\"container\" data-settings=\"{&quot;background_background&quot;:&quot;classic&quot;}\">\n\t\t\t\t\t<div class=\"e-con-inner\">\n\t\t\t\t<div class=\"elementor-element elementor-element-302ec5c6 elementor-widget elementor-widget-heading\" data-id=\"302ec5c6\" data-element_type=\"widget\" data-widget_type=\"heading.default\">\n\t\t\t\t\t<h2 class=\"elementor-heading-title elementor-size-default\">Pourquoi Dat\u00e7a ?<\/h2>\t\t\t\t<\/div>\n\t\t\t\t<div class=\"elementor-element elementor-element-1603b2f7 elementor-icon-list--layout-inline elementor-align-center elementor-list-item-link-full_width elementor-widget elementor-widget-icon-list\" data-id=\"1603b2f7\" data-element_type=\"widget\" data-widget_type=\"icon-list.default\">\n\t\t\t\t\t\t\t<ul class=\"elementor-icon-list-items elementor-inline-items\">\n\t\t\t\t\t\t\t<li class=\"elementor-icon-list-item elementor-inline-item\">\n\t\t\t\t\t\t\t\t\t\t\t<a href=\"https:\/\/www.hotelmare.com.tr\/fr\/\">\n\n\t\t\t\t\t\t\t\t\t\t\t<span class=\"elementor-icon-list-text\">Accueil<\/span>\n\t\t\t\t\t\t\t\t\t\t\t<\/a>\n\t\t\t\t\t\t\t\t\t<\/li>\n\t\t\t\t\t\t\t\t<li class=\"elementor-icon-list-item elementor-inline-item\">\n\t\t\t\t\t\t\t\t\t\t\t<span class=\"elementor-icon-list-icon\">\n\t\t\t\t\t\t\t<svg aria-hidden=\"true\" class=\"e-font-icon-svg e-fas-chevron-right\" viewBox=\"0 0 320 512\" xmlns=\"http:\/\/www.w3.org\/2000\/svg\"><path d=\"M285.476 272.971L91.132 467.314c-9.373 9.373-24.569 9.373-33.941 0l-22.667-22.667c-9.357-9.357-9.375-24.522-.04-33.901L188.505 256 34.484 101.255c-9.335-9.379-9.317-24.544.04-33.901l22.667-22.667c9.373-9.373 24.569-9.373 33.941 0L285.475 239.03c9.373 9.372 9.373 24.568.001 33.941z\"><\/path><\/svg>\t\t\t\t\t\t<\/span>\n\t\t\t\t\t\t\t\t\t\t<span class=\"elementor-icon-list-text\">Pourquoi Dat\u00e7a<\/span>\n\t\t\t\t\t\t\t\t\t<\/li>\n\t\t\t\t\t\t<\/ul>\n\t\t\t\t\t\t<\/div>\n\t\t\t\t\t<\/div>\n\t\t\t\t<\/div>\n\t\t<div class=\"elementor-element elementor-element-977f850 e-flex e-con-boxed e-con e-parent\" data-id=\"977f850\" data-element_type=\"container\">\n\t\t\t\t\t<div class=\"e-con-inner\">\n\t\t<div class=\"elementor-element elementor-element-47ce963 e-con-full e-flex e-con e-child\" data-id=\"47ce963\" data-element_type=\"container\">\n\t\t\t\t<div class=\"elementor-element elementor-element-86ef0be elementor-widget elementor-widget-image\" data-id=\"86ef0be\" data-element_type=\"widget\" data-widget_type=\"image.default\">\n\t\t\t\t\t\t\t\t\t\t\t\t\t\t\t<img fetchpriority=\"high\" decoding=\"async\" width=\"800\" height=\"533\" src=\"https:\/\/www.hotelmare.com.tr\/wp-content\/uploads\/2025\/07\/datcagenel.jpg\" class=\"attachment-large size-large wp-image-1339\" alt=\"\" srcset=\"https:\/\/www.hotelmare.com.tr\/wp-content\/uploads\/2025\/07\/datcagenel.jpg 800w, https:\/\/www.hotelmare.com.tr\/wp-content\/uploads\/2025\/07\/datcagenel-300x200.jpg 300w, https:\/\/www.hotelmare.com.tr\/wp-content\/uploads\/2025\/07\/datcagenel-768x512.jpg 768w\" sizes=\"(max-width: 800px) 100vw, 800px\" \/>\t\t\t\t\t\t\t\t\t\t\t\t\t\t\t<\/div>\n\t\t\t\t<\/div>\n\t\t<div class=\"elementor-element elementor-element-cee8451 e-con-full e-flex e-con e-child\" data-id=\"cee8451\" data-element_type=\"container\">\n\t\t\t\t<div class=\"elementor-element elementor-element-1c3dbb74 elementor-widget elementor-widget-heading\" data-id=\"1c3dbb74\" data-element_type=\"widget\" data-widget_type=\"heading.default\">\n\t\t\t\t\t<h5 class=\"elementor-heading-title elementor-size-default\">Pourquoi Dat\u00e7a ?<\/h5>\t\t\t\t<\/div>\n\t\t\t\t<div class=\"elementor-element elementor-element-2ded6546 elementor-widget elementor-widget-text-editor\" data-id=\"2ded6546\" data-element_type=\"widget\" data-widget_type=\"text-editor.default\">\n\t\t\t\t\t\t\t\t\t<p>Dat\u00e7a, le paradis cach\u00e9 de Mu\u011fla o\u00f9 se rencontrent la mer \u00c9g\u00e9e et la \u00ab M\u00e9diterran\u00e9e ; en tant qu&rsquo;Hotel Mare \u00bb, nous souhaitons vous expliquer pourquoi cette p\u00e9ninsule unique est id\u00e9ale pour des vacances inoubliables. Avec son air pur, ses eaux cristallines, son patrimoine historique, sa cuisine d\u00e9licieuse et son atmosph\u00e8re paisible, Dat\u00e7a n&rsquo;offre pas seulement une \u00e9vasion, mais une opportunit\u00e9 de renouer avec la nature et avec vous-m\u00eame. Pr\u00e9parez imm\u00e9diatement vos valises et vivez la magie de \u00ab Dat\u00e7a dans le confort de l&rsquo;Hotel Mare \u00bb !<\/p>\t\t\t\t\t\t\t\t<\/div>\n\t\t\t\t<\/div>\n\t\t\t\t\t<\/div>\n\t\t\t\t<\/div>\n\t\t<div class=\"elementor-element elementor-element-e7f7f52 e-flex e-con-boxed e-con e-parent\" data-id=\"e7f7f52\" data-element_type=\"container\">\n\t\t\t\t\t<div class=\"e-con-inner\">\n\t\t<div class=\"elementor-element elementor-element-c833755 e-con-full e-flex e-con e-child\" data-id=\"c833755\" data-element_type=\"container\">\n\t\t\t\t<div class=\"elementor-element elementor-element-410ae6d elementor-widget elementor-widget-image\" data-id=\"410ae6d\" data-element_type=\"widget\" data-widget_type=\"image.default\">\n\t\t\t\t\t\t\t\t\t\t\t\t\t\t\t<img decoding=\"async\" width=\"800\" height=\"534\" src=\"https:\/\/www.hotelmare.com.tr\/wp-content\/uploads\/2025\/07\/eskidatca.jpg\" class=\"attachment-large size-large wp-image-1343\" alt=\"\" srcset=\"https:\/\/www.hotelmare.com.tr\/wp-content\/uploads\/2025\/07\/eskidatca.jpg 1000w, https:\/\/www.hotelmare.com.tr\/wp-content\/uploads\/2025\/07\/eskidatca-300x200.jpg 300w, https:\/\/www.hotelmare.com.tr\/wp-content\/uploads\/2025\/07\/eskidatca-768x512.jpg 768w\" sizes=\"(max-width: 800px) 100vw, 800px\" \/>\t\t\t\t\t\t\t\t\t\t\t\t\t\t\t<\/div>\n\t\t\t\t<\/div>\n\t\t<div class=\"elementor-element elementor-element-485b2f8 e-con-full e-flex e-con e-child\" data-id=\"485b2f8\" data-element_type=\"container\">\n\t\t\t\t<div class=\"elementor-element elementor-element-4961588 elementor-widget elementor-widget-heading\" data-id=\"4961588\" data-element_type=\"widget\" data-widget_type=\"heading.default\">\n\t\t\t\t\t<h5 class=\"elementor-heading-title elementor-size-default\">Vieux Dat\u00e7a\n<\/h5>\t\t\t\t<\/div>\n\t\t\t\t<div class=\"elementor-element elementor-element-00aad20 elementor-widget elementor-widget-text-editor\" data-id=\"00aad20\" data-element_type=\"widget\" data-widget_type=\"text-editor.default\">\n\t\t\t\t\t\t\t\t\t<p>Vieux Dat\u00e7a est un quartier de la \u00ab p\u00e9ninsule de Dat\u00e7a \u00e0 Mu\u011fla \u00bb, o\u00f9 l&rsquo;histoire, la culture et la nature s&rsquo;entrem\u00ealent, comme si le temps s&rsquo;\u00e9tait arr\u00eat\u00e9. En tant qu&rsquo;Hotel Mare, nous souhaitons d\u00e9crire en d\u00e9tail l&rsquo;atmosph\u00e8re unique, le patrimoine historique et les exp\u00e9riences offertes par le Vieux Dat\u00e7a pour nos clients qui souhaitent d\u00e9couvrir cette r\u00e9gion authentique et fascinante. Avec ses ruelles \u00e9troites orn\u00e9es de maisons en pierre, ses cours color\u00e9es de bougainvilliers et les traces du po\u00e8te Can Y\u00fccel, le Vieux Dat\u00e7a ajoutera une touche nostalgique et paisible \u00e0 vos vacances \u00e0 Dat\u00e7a. Planifiez d\u00e8s maintenant et savourez ce tr\u00e9sor cach\u00e9 dans le confort de l&rsquo;Hotel Mare !<\/p>\t\t\t\t\t\t\t\t<\/div>\n\t\t\t\t<\/div>\n\t\t\t\t\t<\/div>\n\t\t\t\t<\/div>\n\t\t<div class=\"elementor-element elementor-element-f55ba9d e-flex e-con-boxed e-con e-parent\" data-id=\"f55ba9d\" data-element_type=\"container\">\n\t\t\t\t\t<div class=\"e-con-inner\">\n\t\t<div class=\"elementor-element elementor-element-202854f e-con-full e-flex e-con e-child\" data-id=\"202854f\" data-element_type=\"container\">\n\t\t\t\t<div class=\"elementor-element elementor-element-71f22d4 elementor-widget elementor-widget-image\" data-id=\"71f22d4\" data-element_type=\"widget\" data-widget_type=\"image.default\">\n\t\t\t\t\t\t\t\t\t\t\t\t\t\t\t<img decoding=\"async\" width=\"800\" height=\"450\" src=\"https:\/\/www.hotelmare.com.tr\/wp-content\/uploads\/2025\/07\/datcayat-1024x576.jpg\" class=\"attachment-large size-large wp-image-1347\" alt=\"\" srcset=\"https:\/\/www.hotelmare.com.tr\/wp-content\/uploads\/2025\/07\/datcayat-1024x576.jpg 1024w, https:\/\/www.hotelmare.com.tr\/wp-content\/uploads\/2025\/07\/datcayat-300x169.jpg 300w, https:\/\/www.hotelmare.com.tr\/wp-content\/uploads\/2025\/07\/datcayat-768x432.jpg 768w, https:\/\/www.hotelmare.com.tr\/wp-content\/uploads\/2025\/07\/datcayat.jpg 1366w\" sizes=\"(max-width: 800px) 100vw, 800px\" \/>\t\t\t\t\t\t\t\t\t\t\t\t\t\t\t<\/div>\n\t\t\t\t<\/div>\n\t\t<div class=\"elementor-element elementor-element-b77cefc e-con-full e-flex e-con e-child\" data-id=\"b77cefc\" data-element_type=\"container\">\n\t\t\t\t<div class=\"elementor-element elementor-element-3c0543f elementor-widget elementor-widget-heading\" data-id=\"3c0543f\" data-element_type=\"widget\" data-widget_type=\"heading.default\">\n\t\t\t\t\t<h5 class=\"elementor-heading-title elementor-size-default\">Lieux \u00e0 visiter\n<\/h5>\t\t\t\t<\/div>\n\t\t\t\t<div class=\"elementor-element elementor-element-4cce7f8 elementor-widget elementor-widget-text-editor\" data-id=\"4cce7f8\" data-element_type=\"widget\" data-widget_type=\"text-editor.default\">\n\t\t\t\t\t\t\t\t\tDat\u00e7a est une p\u00e9ninsule situ\u00e9e au point de rencontre de la \u00ab mer \u00c9g\u00e9e et de la M\u00e9diterran\u00e9e \u00bb \u00e0 Mu\u011fla, qui enchante par ses beaut\u00e9s naturelles, ses richesses historiques et son atmosph\u00e8re paisible. En tant qu&rsquo;Hotel Mare, nous avons compil\u00e9 les points les plus sp\u00e9ciaux de cette destination unique pour nos clients qui souhaitent d\u00e9couvrir les lieux \u00e0 visiter \u00e0 Dat\u00e7a. Des vestiges antiques de Cnide aux maisons en pierre du Vieux Dat\u00e7a, des baies cristallines aux march\u00e9s locaux, Dat\u00e7a promet une nouvelle d\u00e9couverte \u00e0 chaque instant. Pr\u00e9parez imm\u00e9diatement vos valises et partez \u00e0 la d\u00e9couverte de ce paradis cach\u00e9 dans le confort de l&rsquo;Hotel Mare !\t\t\t\t\t\t\t\t<\/div>\n\t\t\t\t<\/div>\n\t\t\t\t\t<\/div>\n\t\t\t\t<\/div>\n\t\t<div class=\"elementor-element elementor-element-7147e36 e-flex e-con-boxed e-con e-parent\" data-id=\"7147e36\" data-element_type=\"container\">\n\t\t\t\t\t<div class=\"e-con-inner\">\n\t\t<div class=\"elementor-element elementor-element-d9a1ca8 e-con-full e-flex e-con e-child\" data-id=\"d9a1ca8\" data-element_type=\"container\">\n\t\t\t\t<div class=\"elementor-element elementor-element-72f2d1b elementor-widget elementor-widget-image\" data-id=\"72f2d1b\" data-element_type=\"widget\" data-widget_type=\"image.default\">\n\t\t\t\t\t\t\t\t\t\t\t\t\t\t\t<img loading=\"lazy\" decoding=\"async\" width=\"800\" height=\"601\" src=\"https:\/\/www.hotelmare.com.tr\/wp-content\/uploads\/2025\/07\/knidos-antik-kenti-66679.webp\" class=\"attachment-large size-large wp-image-1351\" alt=\"\" srcset=\"https:\/\/www.hotelmare.com.tr\/wp-content\/uploads\/2025\/07\/knidos-antik-kenti-66679.webp 825w, https:\/\/www.hotelmare.com.tr\/wp-content\/uploads\/2025\/07\/knidos-antik-kenti-66679-300x225.webp 300w, https:\/\/www.hotelmare.com.tr\/wp-content\/uploads\/2025\/07\/knidos-antik-kenti-66679-768x577.webp 768w\" sizes=\"(max-width: 800px) 100vw, 800px\" \/>\t\t\t\t\t\t\t\t\t\t\t\t\t\t\t<\/div>\n\t\t\t\t<\/div>\n\t\t<div class=\"elementor-element elementor-element-baf7f42 e-con-full e-flex e-con e-child\" data-id=\"baf7f42\" data-element_type=\"container\">\n\t\t\t\t<div class=\"elementor-element elementor-element-6339075 elementor-widget elementor-widget-heading\" data-id=\"6339075\" data-element_type=\"widget\" data-widget_type=\"heading.default\">\n\t\t\t\t\t<h5 class=\"elementor-heading-title elementor-size-default\">Cit\u00e9 antique de Cnide\n<\/h5>\t\t\t\t<\/div>\n\t\t\t\t<div class=\"elementor-element elementor-element-1aeca18 elementor-widget elementor-widget-text-editor\" data-id=\"1aeca18\" data-element_type=\"widget\" data-widget_type=\"text-editor.default\">\n\t\t\t\t\t\t\t\t\tLa cit\u00e9 antique de Cnide, situ\u00e9e \u00e0 l&rsquo;extr\u00e9mit\u00e9 ouest de la p\u00e9ninsule de Dat\u00e7a \u00e0 Mu\u011fla, au point de rencontre de la mer \u00c9g\u00e9e et de la M\u00e9diterran\u00e9e, est un mus\u00e9e en plein air o\u00f9 l&rsquo;histoire et la nature offrent une harmonie magnifique. En tant qu&rsquo;Hotel Mare, nous partageons en d\u00e9tail l&rsquo;importance historique, les richesses architecturales et les exp\u00e9riences uniques offertes par Cnide pour nos clients qui souhaitent d\u00e9couvrir cette fascinante cit\u00e9 antique. Cnide n&rsquo;est pas seulement un site arch\u00e9ologique, mais aussi un chef-d&rsquo;\u0153uvre qui refl\u00e8te l&rsquo;\u00e2me de Dat\u00e7a, o\u00f9 l&rsquo;histoire rencontre la mer. Planifiez d\u00e8s maintenant et embarquez pour ce voyage unique dans le confort de l&rsquo;Hotel Mare !\t\t\t\t\t\t\t\t<\/div>\n\t\t\t\t<\/div>\n\t\t\t\t\t<\/div>\n\t\t\t\t<\/div>\n\t\t<div class=\"elementor-element elementor-element-a5b07a9 e-flex e-con-boxed e-con e-parent\" data-id=\"a5b07a9\" data-element_type=\"container\">\n\t\t\t\t\t<div class=\"e-con-inner\">\n\t\t<div class=\"elementor-element elementor-element-1d97021 e-con-full e-flex e-con e-child\" data-id=\"1d97021\" data-element_type=\"container\">\n\t\t\t\t<div class=\"elementor-element elementor-element-1503db5 elementor-widget elementor-widget-image\" data-id=\"1503db5\" data-element_type=\"widget\" data-widget_type=\"image.default\">\n\t\t\t\t\t\t\t\t\t\t\t\t\t\t\t<img loading=\"lazy\" decoding=\"async\" width=\"800\" height=\"450\" src=\"https:\/\/www.hotelmare.com.tr\/wp-content\/uploads\/2025\/07\/palamutbuku-kusbakisi.jpg\" class=\"attachment-large size-large wp-image-1355\" alt=\"\" srcset=\"https:\/\/www.hotelmare.com.tr\/wp-content\/uploads\/2025\/07\/palamutbuku-kusbakisi.jpg 960w, https:\/\/www.hotelmare.com.tr\/wp-content\/uploads\/2025\/07\/palamutbuku-kusbakisi-300x169.jpg 300w, https:\/\/www.hotelmare.com.tr\/wp-content\/uploads\/2025\/07\/palamutbuku-kusbakisi-768x432.jpg 768w\" sizes=\"(max-width: 800px) 100vw, 800px\" \/>\t\t\t\t\t\t\t\t\t\t\t\t\t\t\t<\/div>\n\t\t\t\t<\/div>\n\t\t<div class=\"elementor-element elementor-element-af52134 e-con-full e-flex e-con e-child\" data-id=\"af52134\" data-element_type=\"container\">\n\t\t\t\t<div class=\"elementor-element elementor-element-1b0b234 elementor-widget elementor-widget-heading\" data-id=\"1b0b234\" data-element_type=\"widget\" data-widget_type=\"heading.default\">\n\t\t\t\t\t<h5 class=\"elementor-heading-title elementor-size-default\">Baies<\/h5>\t\t\t\t<\/div>\n\t\t\t\t<div class=\"elementor-element elementor-element-720a7f8 elementor-widget elementor-widget-text-editor\" data-id=\"720a7f8\" data-element_type=\"widget\" data-widget_type=\"text-editor.default\">\n\t\t\t\t\t\t\t\t\tDat\u00e7a, en tant que p\u00e9ninsule situ\u00e9e \u00e0 l&rsquo;intersection de la mer \u00c9g\u00e9e et de la M\u00e9diterran\u00e9e \u00e0 Mu\u011fla, est v\u00e9ritablement une merveille naturelle avec plus de 50 baies s&rsquo;\u00e9tendant le long de 235 kilom\u00e8tres de c\u00f4tes. En tant qu&rsquo;Hotel Mare, nous d\u00e9crivons en d\u00e9tail ces points uniques pour nos clients qui souhaitent d\u00e9couvrir les baies c\u00e9l\u00e8bres de Dat\u00e7a, r\u00e9put\u00e9es pour leurs eaux cristallines, leurs plages paisibles et leurs beaut\u00e9s pr\u00e9serv\u00e9es. De \u00ab Palamutb\u00fck\u00fc \u00e0 la baie d&rsquo;Akvaryum \u00bb, chacune de ces baies poss\u00e8de son propre charme unique et ajoutera paix et aventure \u00e0 vos vacances \u00e0 Dat\u00e7a. Planifiez d\u00e8s maintenant et d\u00e9couvrez ces baies paradisiaques dans le confort les pieds dans l&rsquo;eau de l&rsquo;Hotel Mare !\t\t\t\t\t\t\t\t<\/div>\n\t\t\t\t<\/div>\n\t\t\t\t\t<\/div>\n\t\t\t\t<\/div>\n\t\t<div class=\"elementor-element elementor-element-60d0744 e-flex e-con-boxed e-con e-parent\" data-id=\"60d0744\" data-element_type=\"container\">\n\t\t\t\t\t<div class=\"e-con-inner\">\n\t\t<div class=\"elementor-element elementor-element-1fc46f6 e-con-full e-flex e-con e-child\" data-id=\"1fc46f6\" data-element_type=\"container\">\n\t\t\t\t<div class=\"elementor-element elementor-element-d3d7675 elementor-widget elementor-widget-image\" data-id=\"d3d7675\" data-element_type=\"widget\" data-widget_type=\"image.default\">\n\t\t\t\t\t\t\t\t\t\t\t\t\t\t\t<img loading=\"lazy\" decoding=\"async\" width=\"800\" height=\"450\" src=\"https:\/\/www.hotelmare.com.tr\/wp-content\/uploads\/2025\/07\/eski-datca-1024x576.jpg\" class=\"attachment-large size-large wp-image-1359\" alt=\"\" srcset=\"https:\/\/www.hotelmare.com.tr\/wp-content\/uploads\/2025\/07\/eski-datca-1024x576.jpg 1024w, https:\/\/www.hotelmare.com.tr\/wp-content\/uploads\/2025\/07\/eski-datca-300x169.jpg 300w, https:\/\/www.hotelmare.com.tr\/wp-content\/uploads\/2025\/07\/eski-datca-768x432.jpg 768w, https:\/\/www.hotelmare.com.tr\/wp-content\/uploads\/2025\/07\/eski-datca.jpg 1280w\" sizes=\"(max-width: 800px) 100vw, 800px\" \/>\t\t\t\t\t\t\t\t\t\t\t\t\t\t\t<\/div>\n\t\t\t\t<\/div>\n\t\t<div class=\"elementor-element elementor-element-e126805 e-con-full e-flex e-con e-child\" data-id=\"e126805\" data-element_type=\"container\">\n\t\t\t\t<div class=\"elementor-element elementor-element-af7dd33 elementor-widget elementor-widget-heading\" data-id=\"af7dd33\" data-element_type=\"widget\" data-widget_type=\"heading.default\">\n\t\t\t\t\t<h5 class=\"elementor-heading-title elementor-size-default\">Centre-ville\n<\/h5>\t\t\t\t<\/div>\n\t\t\t\t<div class=\"elementor-element elementor-element-38cc14e elementor-widget elementor-widget-text-editor\" data-id=\"38cc14e\" data-element_type=\"widget\" data-widget_type=\"text-editor.default\">\n\t\t\t\t\t\t\t\t\tLe centre-ville de Dat\u00e7a, en tant que c\u0153ur de cette p\u00e9ninsule unique de Mu\u011fla, est un point qui accueille ses visiteurs avec des beaut\u00e9s naturelles, une atmosph\u00e8re locale chaleureuse et \u00ab l&rsquo;esprit authentique de la mer \u00c9g\u00e9e \u00bb. En tant qu&rsquo;Hotel Mare, nous partageons les d\u00e9tails de cette r\u00e9gion vivante mais paisible pour nos clients qui souhaitent d\u00e9couvrir les exp\u00e9riences offertes par le centre-ville de Dat\u00e7a, son patrimoine culturel et ses lieux \u00e0 visiter. Avec ses rues face \u00e0 la mer, ses saveurs locales et son atmosph\u00e8re conviviale, le centre-ville de Dat\u00e7a ajoutera \u00e0 la fois mouvement et tranquillit\u00e9 \u00e0 vos vacances. Planifiez d\u00e8s maintenant et partez \u00e0 la d\u00e9couverte de cette perle de la mer \u00c9g\u00e9e dans le confort de l&rsquo;Hotel Mare !\n\n\t\t\t\t\t\t\t\t<\/div>\n\t\t\t\t<\/div>\n\t\t\t\t\t<\/div>\n\t\t\t\t<\/div>\n\t\t<div class=\"elementor-element elementor-element-b66f88b e-flex e-con-boxed e-con e-parent\" data-id=\"b66f88b\" data-element_type=\"container\">\n\t\t\t\t\t<div class=\"e-con-inner\">\n\t\t<div class=\"elementor-element elementor-element-7f72712 e-con-full e-flex e-con e-child\" data-id=\"7f72712\" data-element_type=\"container\">\n\t\t\t\t<div class=\"elementor-element elementor-element-2a55e9c elementor-widget elementor-widget-image\" data-id=\"2a55e9c\" data-element_type=\"widget\" data-widget_type=\"image.default\">\n\t\t\t\t\t\t\t\t\t\t\t\t\t\t\t<img loading=\"lazy\" decoding=\"async\" width=\"800\" height=\"534\" src=\"https:\/\/www.hotelmare.com.tr\/wp-content\/uploads\/2025\/07\/5f0ff1f8c03c0e17d4c9655e-1024x683.webp\" class=\"attachment-large size-large wp-image-1363\" alt=\"\" srcset=\"https:\/\/www.hotelmare.com.tr\/wp-content\/uploads\/2025\/07\/5f0ff1f8c03c0e17d4c9655e-1024x683.webp 1024w, https:\/\/www.hotelmare.com.tr\/wp-content\/uploads\/2025\/07\/5f0ff1f8c03c0e17d4c9655e-300x200.webp 300w, https:\/\/www.hotelmare.com.tr\/wp-content\/uploads\/2025\/07\/5f0ff1f8c03c0e17d4c9655e-768x512.webp 768w, https:\/\/www.hotelmare.com.tr\/wp-content\/uploads\/2025\/07\/5f0ff1f8c03c0e17d4c9655e.webp 1110w\" sizes=\"(max-width: 800px) 100vw, 800px\" \/>\t\t\t\t\t\t\t\t\t\t\t\t\t\t\t<\/div>\n\t\t\t\t<\/div>\n\t\t<div class=\"elementor-element elementor-element-05e7e8e e-con-full e-flex e-con e-child\" data-id=\"05e7e8e\" data-element_type=\"container\">\n\t\t\t\t<div class=\"elementor-element elementor-element-bd28b29 elementor-widget elementor-widget-heading\" data-id=\"bd28b29\" data-element_type=\"widget\" data-widget_type=\"heading.default\">\n\t\t\t\t\t<h5 class=\"elementor-heading-title elementor-size-default\">\u00c9tang thermal<\/h5>\t\t\t\t<\/div>\n\t\t\t\t<div class=\"elementor-element elementor-element-92c2b65 elementor-widget elementor-widget-text-editor\" data-id=\"92c2b65\" data-element_type=\"widget\" data-widget_type=\"text-editor.default\">\n\t\t\t\t\t\t\t\t\tL&rsquo;\u00e9tang d&rsquo;Il\u0131ca, situ\u00e9 dans le centre-ville de Dat\u00e7a, juste derri\u00e8re la plage de Ta\u015fl\u0131k, est une source d&rsquo;eau thermale naturelle. Cet \u00e9tang aliment\u00e9 par des eaux thermales souterraines est connu comme une zone th\u00e9rapeutique dont on croit qu&rsquo;elle est b\u00e9n\u00e9fique pour les maladies de peau et les troubles rhumatismaux gr\u00e2ce \u00e0 sa teneur en min\u00e9raux et en soude. L&rsquo;eau de l&rsquo;\u00e9tang est consid\u00e9r\u00e9e comme particuli\u00e8rement b\u00e9n\u00e9fique contre les probl\u00e8mes de peau gr\u00e2ce \u00e0 sa temp\u00e9rature et sa richesse min\u00e9rale ; c&rsquo;est pourquoi elle est fr\u00e9quemment visit\u00e9e tant par la population locale que par les touristes. L&rsquo;\u00e9tang se joint \u00e0 la mer par une petite cascade, ce qui ajoute \u00e0 la r\u00e9gion \u00e0 la fois une beaut\u00e9 visuelle et une sensation de spa naturel unique. L&rsquo;Hotel Mare se trouve \u00e0 distance de marche de la \u00ab plage de Ta\u015fl\u0131k et de l&rsquo;\u00e9tang d&rsquo;Il\u0131ca \u00bb ; vous pouvez commencer la journ\u00e9e avec le petit-d\u00e9jeuner buffet de notre h\u00f4tel et atteindre ces eaux th\u00e9rapeutiques en quelques minutes.\t\t\t\t\t\t\t\t<\/div>\n\t\t\t\t<\/div>\n\t\t\t\t\t<\/div>\n\t\t\t\t<\/div>\n\t\t<div class=\"elementor-element elementor-element-8c09cd5 e-flex e-con-boxed e-con e-parent\" data-id=\"8c09cd5\" data-element_type=\"container\">\n\t\t\t\t\t<div class=\"e-con-inner\">\n\t\t<div class=\"elementor-element elementor-element-cf9c312 e-con-full e-flex e-con e-child\" data-id=\"cf9c312\" data-element_type=\"container\">\n\t\t\t\t<div class=\"elementor-element elementor-element-72b6666 elementor-widget elementor-widget-image\" data-id=\"72b6666\" data-element_type=\"widget\" data-widget_type=\"image.default\">\n\t\t\t\t\t\t\t\t\t\t\t\t\t\t\t<img loading=\"lazy\" decoding=\"async\" width=\"800\" height=\"532\" src=\"https:\/\/www.hotelmare.com.tr\/wp-content\/uploads\/2025\/07\/casa-dadya-kizlan-yel-degirmenleri-600-1.jpg\" class=\"attachment-large size-large wp-image-1367\" alt=\"\" srcset=\"https:\/\/www.hotelmare.com.tr\/wp-content\/uploads\/2025\/07\/casa-dadya-kizlan-yel-degirmenleri-600-1.jpg 800w, https:\/\/www.hotelmare.com.tr\/wp-content\/uploads\/2025\/07\/casa-dadya-kizlan-yel-degirmenleri-600-1-300x200.jpg 300w, https:\/\/www.hotelmare.com.tr\/wp-content\/uploads\/2025\/07\/casa-dadya-kizlan-yel-degirmenleri-600-1-768x511.jpg 768w\" sizes=\"(max-width: 800px) 100vw, 800px\" \/>\t\t\t\t\t\t\t\t\t\t\t\t\t\t\t<\/div>\n\t\t\t\t<\/div>\n\t\t<div class=\"elementor-element elementor-element-511affd e-con-full e-flex e-con e-child\" data-id=\"511affd\" data-element_type=\"container\">\n\t\t\t\t<div class=\"elementor-element elementor-element-1975c47 elementor-widget elementor-widget-heading\" data-id=\"1975c47\" data-element_type=\"widget\" data-widget_type=\"heading.default\">\n\t\t\t\t\t<h5 class=\"elementor-heading-title elementor-size-default\">Moulins \u00e0 vent<\/h5>\t\t\t\t<\/div>\n\t\t\t\t<div class=\"elementor-element elementor-element-4a93ba0 elementor-widget elementor-widget-text-editor\" data-id=\"4a93ba0\" data-element_type=\"widget\" data-widget_type=\"text-editor.default\">\n\t\t\t\t\t\t\t\t\tLes moulins \u00e0 vent de Dat\u00e7a sont un groupe de six moulins en pierre situ\u00e9s notamment dans le village de K\u0131zlan et qui sont devenus le symbole de la r\u00e9gion. 18. Ces moulins, dont on estime qu&rsquo;ils ont \u00e9t\u00e9 construits au XVIIIe si\u00e8cle, ont \u00e9t\u00e9 utilis\u00e9s pendant des si\u00e8cles pour moudre le bl\u00e9 et d&rsquo;autres c\u00e9r\u00e9ales sur les collines venteuses de Dat\u00e7a. Le village de K\u0131zlan est situ\u00e9 \u00e0 environ 8 km du centre de Dat\u00e7a, dans une r\u00e9gion entour\u00e9e de zones d&rsquo;agriculture biologique et d&rsquo;oliveraies. Les moulins offrent un paysage esth\u00e9tique avec leurs portes orient\u00e9es vers le sud, \u00e0 un point strat\u00e9gique o\u00f9 le vent est le plus efficace. L&rsquo;Hotel Mare est situ\u00e9 \u00e0 une position o\u00f9 vous pouvez atteindre K\u0131zlan en voiture en peu de temps ; vous pouvez commencer ce voyage historique apr\u00e8s le petit-d\u00e9jeuner buffet de notre h\u00f4tel rempli de saveurs r\u00e9gionales.\t\t\t\t\t\t\t\t<\/div>\n\t\t\t\t<\/div>\n\t\t\t\t\t<\/div>\n\t\t\t\t<\/div>\n\t\t\t\t<\/div>\n\t\t","protected":false},"excerpt":{"rendered":"<p>Pourquoi Dat\u00e7a ? Accueil Pourquoi Dat\u00e7a Pourquoi Dat\u00e7a ? Dat\u00e7a, le paradis cach\u00e9 de Mu\u011fla o\u00f9 se rencontrent la mer \u00c9g\u00e9e et la \u00ab M\u00e9diterran\u00e9e ; en tant qu&rsquo;Hotel Mare \u00bb, nous souhaitons vous expliquer pourquoi cette p\u00e9ninsule unique est id\u00e9ale pour des vacances inoubliables. Avec son air pur, ses eaux cristallines, son patrimoine historique, [&hellip;]<\/p>\n","protected":false},"author":1,"featured_media":0,"parent":0,"menu_order":0,"comment_status":"closed","ping_status":"closed","template":"elementor_header_footer","meta":{"footnotes":""},"class_list":["post-1579","page","type-page","status-publish","hentry"],"_links":{"self":[{"href":"https:\/\/www.hotelmare.com.tr\/fr\/wp-json\/wp\/v2\/pages\/1579","targetHints":{"allow":["GET"]}}],"collection":[{"href":"https:\/\/www.hotelmare.com.tr\/fr\/wp-json\/wp\/v2\/pages"}],"about":[{"href":"https:\/\/www.hotelmare.com.tr\/fr\/wp-json\/wp\/v2\/types\/page"}],"author":[{"embeddable":true,"href":"https:\/\/www.hotelmare.com.tr\/fr\/wp-json\/wp\/v2\/users\/1"}],"replies":[{"embeddable":true,"href":"https:\/\/www.hotelmare.com.tr\/fr\/wp-json\/wp\/v2\/comments?post=1579"}],"version-history":[{"count":1,"href":"https:\/\/www.hotelmare.com.tr\/fr\/wp-json\/wp\/v2\/pages\/1579\/revisions"}],"predecessor-version":[{"id":1580,"href":"https:\/\/www.hotelmare.com.tr\/fr\/wp-json\/wp\/v2\/pages\/1579\/revisions\/1580"}],"wp:attachment":[{"href":"https:\/\/www.hotelmare.com.tr\/fr\/wp-json\/wp\/v2\/media?parent=1579"}],"curies":[{"name":"wp","href":"https:\/\/api.w.org\/{rel}","templated":true}]}}