{"id":1536,"date":"2025-07-03T18:24:17","date_gmt":"2025-07-03T15:24:17","guid":{"rendered":"https:\/\/www.hotelmare.com.tr\/about-datca\/"},"modified":"2025-08-20T12:53:55","modified_gmt":"2025-08-20T09:53:55","slug":"about-datca","status":"publish","type":"page","link":"https:\/\/www.hotelmare.com.tr\/en\/about-datca\/","title":{"rendered":"About Dat\u00e7a"},"content":{"rendered":"\t\t<div data-elementor-type=\"wp-page\" data-elementor-id=\"1536\" class=\"elementor elementor-1536 elementor-172\">\n\t\t\t\t<div class=\"elementor-element elementor-element-53396d63 e-flex e-con-boxed e-con e-parent\" data-id=\"53396d63\" data-element_type=\"container\" data-settings=\"{&quot;background_background&quot;:&quot;classic&quot;}\">\n\t\t\t\t\t<div class=\"e-con-inner\">\n\t\t\t\t<div class=\"elementor-element elementor-element-302ec5c6 elementor-widget elementor-widget-heading\" data-id=\"302ec5c6\" data-element_type=\"widget\" data-widget_type=\"heading.default\">\n\t\t\t\t\t<h2 class=\"elementor-heading-title elementor-size-default\">Why Dat\u00e7a?<\/h2>\t\t\t\t<\/div>\n\t\t\t\t<div class=\"elementor-element elementor-element-1603b2f7 elementor-icon-list--layout-inline elementor-align-center elementor-list-item-link-full_width elementor-widget elementor-widget-icon-list\" data-id=\"1603b2f7\" data-element_type=\"widget\" data-widget_type=\"icon-list.default\">\n\t\t\t\t\t\t\t<ul class=\"elementor-icon-list-items elementor-inline-items\">\n\t\t\t\t\t\t\t<li class=\"elementor-icon-list-item elementor-inline-item\">\n\t\t\t\t\t\t\t\t\t\t\t<a href=\"https:\/\/www.hotelmare.com.tr\/en\/\">\n\n\t\t\t\t\t\t\t\t\t\t\t<span class=\"elementor-icon-list-text\">Home<\/span>\n\t\t\t\t\t\t\t\t\t\t\t<\/a>\n\t\t\t\t\t\t\t\t\t<\/li>\n\t\t\t\t\t\t\t\t<li class=\"elementor-icon-list-item elementor-inline-item\">\n\t\t\t\t\t\t\t\t\t\t\t<span class=\"elementor-icon-list-icon\">\n\t\t\t\t\t\t\t<svg aria-hidden=\"true\" class=\"e-font-icon-svg e-fas-chevron-right\" viewBox=\"0 0 320 512\" xmlns=\"http:\/\/www.w3.org\/2000\/svg\"><path d=\"M285.476 272.971L91.132 467.314c-9.373 9.373-24.569 9.373-33.941 0l-22.667-22.667c-9.357-9.357-9.375-24.522-.04-33.901L188.505 256 34.484 101.255c-9.335-9.379-9.317-24.544.04-33.901l22.667-22.667c9.373-9.373 24.569-9.373 33.941 0L285.475 239.03c9.373 9.372 9.373 24.568.001 33.941z\"><\/path><\/svg>\t\t\t\t\t\t<\/span>\n\t\t\t\t\t\t\t\t\t\t<span class=\"elementor-icon-list-text\">Why Dat\u00e7a<\/span>\n\t\t\t\t\t\t\t\t\t<\/li>\n\t\t\t\t\t\t<\/ul>\n\t\t\t\t\t\t<\/div>\n\t\t\t\t\t<\/div>\n\t\t\t\t<\/div>\n\t\t<div class=\"elementor-element elementor-element-977f850 e-flex e-con-boxed e-con e-parent\" data-id=\"977f850\" data-element_type=\"container\">\n\t\t\t\t\t<div class=\"e-con-inner\">\n\t\t<div class=\"elementor-element elementor-element-47ce963 e-con-full e-flex e-con e-child\" data-id=\"47ce963\" data-element_type=\"container\">\n\t\t\t\t<div class=\"elementor-element elementor-element-86ef0be elementor-widget elementor-widget-image\" data-id=\"86ef0be\" data-element_type=\"widget\" data-widget_type=\"image.default\">\n\t\t\t\t\t\t\t\t\t\t\t\t\t\t\t<img fetchpriority=\"high\" decoding=\"async\" width=\"800\" height=\"533\" src=\"https:\/\/www.hotelmare.com.tr\/wp-content\/uploads\/2025\/07\/datcagenel.jpg\" class=\"attachment-large size-large wp-image-1338\" alt=\"\" srcset=\"https:\/\/www.hotelmare.com.tr\/wp-content\/uploads\/2025\/07\/datcagenel.jpg 800w, https:\/\/www.hotelmare.com.tr\/wp-content\/uploads\/2025\/07\/datcagenel-300x200.jpg 300w, https:\/\/www.hotelmare.com.tr\/wp-content\/uploads\/2025\/07\/datcagenel-768x512.jpg 768w\" sizes=\"(max-width: 800px) 100vw, 800px\" \/>\t\t\t\t\t\t\t\t\t\t\t\t\t\t\t<\/div>\n\t\t\t\t<\/div>\n\t\t<div class=\"elementor-element elementor-element-cee8451 e-con-full e-flex e-con e-child\" data-id=\"cee8451\" data-element_type=\"container\">\n\t\t\t\t<div class=\"elementor-element elementor-element-1c3dbb74 elementor-widget elementor-widget-heading\" data-id=\"1c3dbb74\" data-element_type=\"widget\" data-widget_type=\"heading.default\">\n\t\t\t\t\t<h5 class=\"elementor-heading-title elementor-size-default\">Why Dat\u00e7a?<\/h5>\t\t\t\t<\/div>\n\t\t\t\t<div class=\"elementor-element elementor-element-2ded6546 elementor-widget elementor-widget-text-editor\" data-id=\"2ded6546\" data-element_type=\"widget\" data-widget_type=\"text-editor.default\">\n\t\t\t\t\t\t\t\t\t<p>Dat\u00e7a, Mu\u011fla \u201c&#8217;s hidden paradise where the Aegean meets the Mediterranean\u201d; as Hotel Mare, we want to tell you why this unique peninsula is ideal for an unforgettable vacation. With its clean air, crystal-clear seas, historical texture, delicious cuisine, and peaceful atmosphere, Dat\u00e7a offers not just an escape, but an opportunity to reconnect with nature and yourself. Pack your suitcase now and experience the magic of Dat\u00e7a in the comfort of Hotel Mare \u201c&#8217;s\u201d accommodation!<\/p>\t\t\t\t\t\t\t\t<\/div>\n\t\t\t\t<\/div>\n\t\t\t\t\t<\/div>\n\t\t\t\t<\/div>\n\t\t<div class=\"elementor-element elementor-element-e7f7f52 e-flex e-con-boxed e-con e-parent\" data-id=\"e7f7f52\" data-element_type=\"container\">\n\t\t\t\t\t<div class=\"e-con-inner\">\n\t\t<div class=\"elementor-element elementor-element-c833755 e-con-full e-flex e-con e-child\" data-id=\"c833755\" data-element_type=\"container\">\n\t\t\t\t<div class=\"elementor-element elementor-element-410ae6d elementor-widget elementor-widget-image\" data-id=\"410ae6d\" data-element_type=\"widget\" data-widget_type=\"image.default\">\n\t\t\t\t\t\t\t\t\t\t\t\t\t\t\t<img decoding=\"async\" width=\"800\" height=\"534\" src=\"https:\/\/www.hotelmare.com.tr\/wp-content\/uploads\/2025\/07\/eskidatca.jpg\" class=\"attachment-large size-large wp-image-1342\" alt=\"\" srcset=\"https:\/\/www.hotelmare.com.tr\/wp-content\/uploads\/2025\/07\/eskidatca.jpg 1000w, https:\/\/www.hotelmare.com.tr\/wp-content\/uploads\/2025\/07\/eskidatca-300x200.jpg 300w, https:\/\/www.hotelmare.com.tr\/wp-content\/uploads\/2025\/07\/eskidatca-768x512.jpg 768w\" sizes=\"(max-width: 800px) 100vw, 800px\" \/>\t\t\t\t\t\t\t\t\t\t\t\t\t\t\t<\/div>\n\t\t\t\t<\/div>\n\t\t<div class=\"elementor-element elementor-element-485b2f8 e-con-full e-flex e-con e-child\" data-id=\"485b2f8\" data-element_type=\"container\">\n\t\t\t\t<div class=\"elementor-element elementor-element-4961588 elementor-widget elementor-widget-heading\" data-id=\"4961588\" data-element_type=\"widget\" data-widget_type=\"heading.default\">\n\t\t\t\t\t<h5 class=\"elementor-heading-title elementor-size-default\">Old Dat\u00e7a\n<\/h5>\t\t\t\t<\/div>\n\t\t\t\t<div class=\"elementor-element elementor-element-00aad20 elementor-widget elementor-widget-text-editor\" data-id=\"00aad20\" data-element_type=\"widget\" data-widget_type=\"text-editor.default\">\n\t\t\t\t\t\t\t\t\t<p>Old Dat\u00e7a is a neighborhood in Mu\u011fla \u201c&#8217;s Dat\u00e7a Peninsula\u201d where history, culture, and nature intertwine, as if time has stood still. As Hotel Mare, we want to describe in detail the unique atmosphere, historical texture, and experiences that Old Dat\u00e7a offers for our guests who wish to explore this authentic and enchanting region. With its narrow streets adorned with stone houses, courtyards colored with bougainvillea, and traces of poet Can Y\u00fccel, Old Dat\u00e7a will add a nostalgic and peaceful touch to your Dat\u00e7a vacation. Make your plans now and enjoy this hidden treasure in the comfort of Hotel Mare!<\/p>\t\t\t\t\t\t\t\t<\/div>\n\t\t\t\t<\/div>\n\t\t\t\t\t<\/div>\n\t\t\t\t<\/div>\n\t\t<div class=\"elementor-element elementor-element-f55ba9d e-flex e-con-boxed e-con e-parent\" data-id=\"f55ba9d\" data-element_type=\"container\">\n\t\t\t\t\t<div class=\"e-con-inner\">\n\t\t<div class=\"elementor-element elementor-element-202854f e-con-full e-flex e-con e-child\" data-id=\"202854f\" data-element_type=\"container\">\n\t\t\t\t<div class=\"elementor-element elementor-element-71f22d4 elementor-widget elementor-widget-image\" data-id=\"71f22d4\" data-element_type=\"widget\" data-widget_type=\"image.default\">\n\t\t\t\t\t\t\t\t\t\t\t\t\t\t\t<img decoding=\"async\" width=\"800\" height=\"450\" src=\"https:\/\/www.hotelmare.com.tr\/wp-content\/uploads\/2025\/07\/datcayat-1024x576.jpg\" class=\"attachment-large size-large wp-image-1346\" alt=\"\" srcset=\"https:\/\/www.hotelmare.com.tr\/wp-content\/uploads\/2025\/07\/datcayat-1024x576.jpg 1024w, https:\/\/www.hotelmare.com.tr\/wp-content\/uploads\/2025\/07\/datcayat-300x169.jpg 300w, https:\/\/www.hotelmare.com.tr\/wp-content\/uploads\/2025\/07\/datcayat-768x432.jpg 768w, https:\/\/www.hotelmare.com.tr\/wp-content\/uploads\/2025\/07\/datcayat.jpg 1366w\" sizes=\"(max-width: 800px) 100vw, 800px\" \/>\t\t\t\t\t\t\t\t\t\t\t\t\t\t\t<\/div>\n\t\t\t\t<\/div>\n\t\t<div class=\"elementor-element elementor-element-b77cefc e-con-full e-flex e-con e-child\" data-id=\"b77cefc\" data-element_type=\"container\">\n\t\t\t\t<div class=\"elementor-element elementor-element-3c0543f elementor-widget elementor-widget-heading\" data-id=\"3c0543f\" data-element_type=\"widget\" data-widget_type=\"heading.default\">\n\t\t\t\t\t<h5 class=\"elementor-heading-title elementor-size-default\">Places to Visit\n<\/h5>\t\t\t\t<\/div>\n\t\t\t\t<div class=\"elementor-element elementor-element-4cce7f8 elementor-widget elementor-widget-text-editor\" data-id=\"4cce7f8\" data-element_type=\"widget\" data-widget_type=\"text-editor.default\">\n\t\t\t\t\t\t\t\t\tDat\u00e7a is a peninsula in Mu\u011fla \u201cwhere the Aegean and Mediterranean\u201d intersect, captivating visitors with its natural beauty, historical richness, and calm atmosphere. As Hotel Mare, we have compiled the most special spots of this unique destination for our guests who want to explore the places to visit in Dat\u00e7a. From the ancient ruins of Knidos to the stone houses of Old Dat\u00e7a, from crystal-clear bays to local markets, every moment in Dat\u00e7a promises a new discovery. Pack your suitcase now and explore this hidden paradise in the comfort of Hotel Mare!\t\t\t\t\t\t\t\t<\/div>\n\t\t\t\t<\/div>\n\t\t\t\t\t<\/div>\n\t\t\t\t<\/div>\n\t\t<div class=\"elementor-element elementor-element-7147e36 e-flex e-con-boxed e-con e-parent\" data-id=\"7147e36\" data-element_type=\"container\">\n\t\t\t\t\t<div class=\"e-con-inner\">\n\t\t<div class=\"elementor-element elementor-element-d9a1ca8 e-con-full e-flex e-con e-child\" data-id=\"d9a1ca8\" data-element_type=\"container\">\n\t\t\t\t<div class=\"elementor-element elementor-element-72f2d1b elementor-widget elementor-widget-image\" data-id=\"72f2d1b\" data-element_type=\"widget\" data-widget_type=\"image.default\">\n\t\t\t\t\t\t\t\t\t\t\t\t\t\t\t<img loading=\"lazy\" decoding=\"async\" width=\"800\" height=\"601\" src=\"https:\/\/www.hotelmare.com.tr\/wp-content\/uploads\/2025\/07\/knidos-antik-kenti-66679.webp\" class=\"attachment-large size-large wp-image-1350\" alt=\"\" srcset=\"https:\/\/www.hotelmare.com.tr\/wp-content\/uploads\/2025\/07\/knidos-antik-kenti-66679.webp 825w, https:\/\/www.hotelmare.com.tr\/wp-content\/uploads\/2025\/07\/knidos-antik-kenti-66679-300x225.webp 300w, https:\/\/www.hotelmare.com.tr\/wp-content\/uploads\/2025\/07\/knidos-antik-kenti-66679-768x577.webp 768w\" sizes=\"(max-width: 800px) 100vw, 800px\" \/>\t\t\t\t\t\t\t\t\t\t\t\t\t\t\t<\/div>\n\t\t\t\t<\/div>\n\t\t<div class=\"elementor-element elementor-element-baf7f42 e-con-full e-flex e-con e-child\" data-id=\"baf7f42\" data-element_type=\"container\">\n\t\t\t\t<div class=\"elementor-element elementor-element-6339075 elementor-widget elementor-widget-heading\" data-id=\"6339075\" data-element_type=\"widget\" data-widget_type=\"heading.default\">\n\t\t\t\t\t<h5 class=\"elementor-heading-title elementor-size-default\">Ancient City of Knidos\n<\/h5>\t\t\t\t<\/div>\n\t\t\t\t<div class=\"elementor-element elementor-element-1aeca18 elementor-widget elementor-widget-text-editor\" data-id=\"1aeca18\" data-element_type=\"widget\" data-widget_type=\"text-editor.default\">\n\t\t\t\t\t\t\t\t\tThe Ancient City of Knidos is an open-air museum located at the western tip of Mu\u011fla&#8217;s Dat\u00e7a Peninsula, at the intersection of the Aegean and Mediterranean, where history and nature display a magnificent harmony. As Hotel Mare, we share in detail the historical importance, architectural richness, and unique experiences that Knidos offers for our guests who want to explore this fascinating ancient city. Knidos is not just an archaeological site, but also a masterpiece reflecting the spirit of Dat\u00e7a, where history meets the sea. Make your plans now and embark on this unique journey in the comfort of Hotel Mare!\t\t\t\t\t\t\t\t<\/div>\n\t\t\t\t<\/div>\n\t\t\t\t\t<\/div>\n\t\t\t\t<\/div>\n\t\t<div class=\"elementor-element elementor-element-a5b07a9 e-flex e-con-boxed e-con e-parent\" data-id=\"a5b07a9\" data-element_type=\"container\">\n\t\t\t\t\t<div class=\"e-con-inner\">\n\t\t<div class=\"elementor-element elementor-element-1d97021 e-con-full e-flex e-con e-child\" data-id=\"1d97021\" data-element_type=\"container\">\n\t\t\t\t<div class=\"elementor-element elementor-element-1503db5 elementor-widget elementor-widget-image\" data-id=\"1503db5\" data-element_type=\"widget\" data-widget_type=\"image.default\">\n\t\t\t\t\t\t\t\t\t\t\t\t\t\t\t<img loading=\"lazy\" decoding=\"async\" width=\"800\" height=\"450\" src=\"https:\/\/www.hotelmare.com.tr\/wp-content\/uploads\/2025\/07\/palamutbuku-kusbakisi.jpg\" class=\"attachment-large size-large wp-image-1354\" alt=\"\" srcset=\"https:\/\/www.hotelmare.com.tr\/wp-content\/uploads\/2025\/07\/palamutbuku-kusbakisi.jpg 960w, https:\/\/www.hotelmare.com.tr\/wp-content\/uploads\/2025\/07\/palamutbuku-kusbakisi-300x169.jpg 300w, https:\/\/www.hotelmare.com.tr\/wp-content\/uploads\/2025\/07\/palamutbuku-kusbakisi-768x432.jpg 768w\" sizes=\"(max-width: 800px) 100vw, 800px\" \/>\t\t\t\t\t\t\t\t\t\t\t\t\t\t\t<\/div>\n\t\t\t\t<\/div>\n\t\t<div class=\"elementor-element elementor-element-af52134 e-con-full e-flex e-con e-child\" data-id=\"af52134\" data-element_type=\"container\">\n\t\t\t\t<div class=\"elementor-element elementor-element-1b0b234 elementor-widget elementor-widget-heading\" data-id=\"1b0b234\" data-element_type=\"widget\" data-widget_type=\"heading.default\">\n\t\t\t\t\t<h5 class=\"elementor-heading-title elementor-size-default\">Bays<\/h5>\t\t\t\t<\/div>\n\t\t\t\t<div class=\"elementor-element elementor-element-720a7f8 elementor-widget elementor-widget-text-editor\" data-id=\"720a7f8\" data-element_type=\"widget\" data-widget_type=\"text-editor.default\">\n\t\t\t\t\t\t\t\t\tDat\u00e7a, as a peninsula in Mu\u011fla where the Aegean and Mediterranean meet, is truly a natural wonder with more than 50 bays along its 235-kilometer coastline. As Hotel Mare, we describe in detail these unique spots for our guests who want to explore Dat\u00e7a&#8217;s bays, famous for their clear waters, quiet beaches, and pristine beauty. From Palamutb\u00fck\u00fc \u201cto Aquarium Bay\u201d, each with its own unique charm, these bays will add peace and adventure to your Dat\u00e7a vacation. Make your plans now and discover these heavenly bays in the beachfront comfort of Hotel Mare!\t\t\t\t\t\t\t\t<\/div>\n\t\t\t\t<\/div>\n\t\t\t\t\t<\/div>\n\t\t\t\t<\/div>\n\t\t<div class=\"elementor-element elementor-element-60d0744 e-flex e-con-boxed e-con e-parent\" data-id=\"60d0744\" data-element_type=\"container\">\n\t\t\t\t\t<div class=\"e-con-inner\">\n\t\t<div class=\"elementor-element elementor-element-1fc46f6 e-con-full e-flex e-con e-child\" data-id=\"1fc46f6\" data-element_type=\"container\">\n\t\t\t\t<div class=\"elementor-element elementor-element-d3d7675 elementor-widget elementor-widget-image\" data-id=\"d3d7675\" data-element_type=\"widget\" data-widget_type=\"image.default\">\n\t\t\t\t\t\t\t\t\t\t\t\t\t\t\t<img loading=\"lazy\" decoding=\"async\" width=\"800\" height=\"450\" src=\"https:\/\/www.hotelmare.com.tr\/wp-content\/uploads\/2025\/07\/eski-datca-1024x576.jpg\" class=\"attachment-large size-large wp-image-1358\" alt=\"\" srcset=\"https:\/\/www.hotelmare.com.tr\/wp-content\/uploads\/2025\/07\/eski-datca-1024x576.jpg 1024w, https:\/\/www.hotelmare.com.tr\/wp-content\/uploads\/2025\/07\/eski-datca-300x169.jpg 300w, https:\/\/www.hotelmare.com.tr\/wp-content\/uploads\/2025\/07\/eski-datca-768x432.jpg 768w, https:\/\/www.hotelmare.com.tr\/wp-content\/uploads\/2025\/07\/eski-datca.jpg 1280w\" sizes=\"(max-width: 800px) 100vw, 800px\" \/>\t\t\t\t\t\t\t\t\t\t\t\t\t\t\t<\/div>\n\t\t\t\t<\/div>\n\t\t<div class=\"elementor-element elementor-element-e126805 e-con-full e-flex e-con e-child\" data-id=\"e126805\" data-element_type=\"container\">\n\t\t\t\t<div class=\"elementor-element elementor-element-af7dd33 elementor-widget elementor-widget-heading\" data-id=\"af7dd33\" data-element_type=\"widget\" data-widget_type=\"heading.default\">\n\t\t\t\t\t<h5 class=\"elementor-heading-title elementor-size-default\">City Center\n<\/h5>\t\t\t\t<\/div>\n\t\t\t\t<div class=\"elementor-element elementor-element-38cc14e elementor-widget elementor-widget-text-editor\" data-id=\"38cc14e\" data-element_type=\"widget\" data-widget_type=\"text-editor.default\">\n\t\t\t\t\t\t\t\t\tDat\u00e7a city center, as the heart of this unique peninsula in Mu\u011fla \u201c, is a spot that embraces visitors with natural beauty, a warm local atmosphere, and the authentic spirit of the Aegean\u201d. As Hotel Mare, we share the details of this vibrant yet peaceful area for our guests who want to explore the experiences, cultural texture, and places to visit in Dat\u00e7a city center. With its sea-facing streets, local flavors, and friendly atmosphere, Dat\u00e7a city center will add both activity and tranquility to your vacation. Make your plans now and explore this Aegean pearl in the comfort of Hotel Mare!\n\n\t\t\t\t\t\t\t\t<\/div>\n\t\t\t\t<\/div>\n\t\t\t\t\t<\/div>\n\t\t\t\t<\/div>\n\t\t<div class=\"elementor-element elementor-element-b66f88b e-flex e-con-boxed e-con e-parent\" data-id=\"b66f88b\" data-element_type=\"container\">\n\t\t\t\t\t<div class=\"e-con-inner\">\n\t\t<div class=\"elementor-element elementor-element-7f72712 e-con-full e-flex e-con e-child\" data-id=\"7f72712\" data-element_type=\"container\">\n\t\t\t\t<div class=\"elementor-element elementor-element-2a55e9c elementor-widget elementor-widget-image\" data-id=\"2a55e9c\" data-element_type=\"widget\" data-widget_type=\"image.default\">\n\t\t\t\t\t\t\t\t\t\t\t\t\t\t\t<img loading=\"lazy\" decoding=\"async\" width=\"800\" height=\"534\" src=\"https:\/\/www.hotelmare.com.tr\/wp-content\/uploads\/2025\/07\/5f0ff1f8c03c0e17d4c9655e-1024x683.webp\" class=\"attachment-large size-large wp-image-1362\" alt=\"\" srcset=\"https:\/\/www.hotelmare.com.tr\/wp-content\/uploads\/2025\/07\/5f0ff1f8c03c0e17d4c9655e-1024x683.webp 1024w, https:\/\/www.hotelmare.com.tr\/wp-content\/uploads\/2025\/07\/5f0ff1f8c03c0e17d4c9655e-300x200.webp 300w, https:\/\/www.hotelmare.com.tr\/wp-content\/uploads\/2025\/07\/5f0ff1f8c03c0e17d4c9655e-768x512.webp 768w, https:\/\/www.hotelmare.com.tr\/wp-content\/uploads\/2025\/07\/5f0ff1f8c03c0e17d4c9655e.webp 1110w\" sizes=\"(max-width: 800px) 100vw, 800px\" \/>\t\t\t\t\t\t\t\t\t\t\t\t\t\t\t<\/div>\n\t\t\t\t<\/div>\n\t\t<div class=\"elementor-element elementor-element-05e7e8e e-con-full e-flex e-con e-child\" data-id=\"05e7e8e\" data-element_type=\"container\">\n\t\t\t\t<div class=\"elementor-element elementor-element-bd28b29 elementor-widget elementor-widget-heading\" data-id=\"bd28b29\" data-element_type=\"widget\" data-widget_type=\"heading.default\">\n\t\t\t\t\t<h5 class=\"elementor-heading-title elementor-size-default\">Thermal Pond<\/h5>\t\t\t\t<\/div>\n\t\t\t\t<div class=\"elementor-element elementor-element-92c2b65 elementor-widget elementor-widget-text-editor\" data-id=\"92c2b65\" data-element_type=\"widget\" data-widget_type=\"text-editor.default\">\n\t\t\t\t\t\t\t\t\tIl\u0131ca Pond is a natural thermal water source located in Dat\u00e7a city center, just behind Ta\u015fl\u0131k Beach. Fed by underground thermal waters, this pond is known as a healing area believed to be beneficial for skin diseases and rheumatic disorders due to its mineral and soda content. The water of the pond is considered especially beneficial for skin problems with its temperature and mineral richness; therefore, it is frequently visited by both locals and tourists. The pond connects to the sea with a small waterfall, adding both visual beauty and a unique natural spa feeling to the area. Hotel Mare is within walking distance to Ta\u015fl\u0131k Beach \u201cand Il\u0131ca Pond\u201d; you can start your day with our hotel&#8217;s buffet breakfast and reach these healing waters in just a few minutes.\t\t\t\t\t\t\t\t<\/div>\n\t\t\t\t<\/div>\n\t\t\t\t\t<\/div>\n\t\t\t\t<\/div>\n\t\t<div class=\"elementor-element elementor-element-8c09cd5 e-flex e-con-boxed e-con e-parent\" data-id=\"8c09cd5\" data-element_type=\"container\">\n\t\t\t\t\t<div class=\"e-con-inner\">\n\t\t<div class=\"elementor-element elementor-element-cf9c312 e-con-full e-flex e-con e-child\" data-id=\"cf9c312\" data-element_type=\"container\">\n\t\t\t\t<div class=\"elementor-element elementor-element-72b6666 elementor-widget elementor-widget-image\" data-id=\"72b6666\" data-element_type=\"widget\" data-widget_type=\"image.default\">\n\t\t\t\t\t\t\t\t\t\t\t\t\t\t\t<img loading=\"lazy\" decoding=\"async\" width=\"800\" height=\"532\" src=\"https:\/\/www.hotelmare.com.tr\/wp-content\/uploads\/2025\/07\/casa-dadya-kizlan-yel-degirmenleri-600-1.jpg\" class=\"attachment-large size-large wp-image-1366\" alt=\"\" srcset=\"https:\/\/www.hotelmare.com.tr\/wp-content\/uploads\/2025\/07\/casa-dadya-kizlan-yel-degirmenleri-600-1.jpg 800w, https:\/\/www.hotelmare.com.tr\/wp-content\/uploads\/2025\/07\/casa-dadya-kizlan-yel-degirmenleri-600-1-300x200.jpg 300w, https:\/\/www.hotelmare.com.tr\/wp-content\/uploads\/2025\/07\/casa-dadya-kizlan-yel-degirmenleri-600-1-768x511.jpg 768w\" sizes=\"(max-width: 800px) 100vw, 800px\" \/>\t\t\t\t\t\t\t\t\t\t\t\t\t\t\t<\/div>\n\t\t\t\t<\/div>\n\t\t<div class=\"elementor-element elementor-element-511affd e-con-full e-flex e-con e-child\" data-id=\"511affd\" data-element_type=\"container\">\n\t\t\t\t<div class=\"elementor-element elementor-element-1975c47 elementor-widget elementor-widget-heading\" data-id=\"1975c47\" data-element_type=\"widget\" data-widget_type=\"heading.default\">\n\t\t\t\t\t<h5 class=\"elementor-heading-title elementor-size-default\">Windmills<\/h5>\t\t\t\t<\/div>\n\t\t\t\t<div class=\"elementor-element elementor-element-4a93ba0 elementor-widget elementor-widget-text-editor\" data-id=\"4a93ba0\" data-element_type=\"widget\" data-widget_type=\"text-editor.default\">\n\t\t\t\t\t\t\t\t\tDat\u00e7a Windmills are a group of six stone mills located especially in K\u0131zlan Village that have become a symbol of the region. 18. These mills, estimated to have been built in the century, were used for centuries to grind wheat and other grains on the windy hills of Dat\u00e7a. K\u0131zlan Village is located about 8 km from Dat\u00e7a center, in an area surrounded by organic farming fields and olive groves. The mills offer an aesthetic view with their south-facing doors at a strategic point where the wind is most efficiently captured. Hotel Mare is in a location from which you can reach K\u0131zlan in a short drive; after our hotel&#8217;s open buffet breakfast full of local flavors, you can start this historical journey.\t\t\t\t\t\t\t\t<\/div>\n\t\t\t\t<\/div>\n\t\t\t\t\t<\/div>\n\t\t\t\t<\/div>\n\t\t\t\t<\/div>\n\t\t","protected":false},"excerpt":{"rendered":"<p>Why Dat\u00e7a? Home Why Dat\u00e7a Why Dat\u00e7a? Dat\u00e7a, Mu\u011fla \u201c&#8217;s hidden paradise where the Aegean meets the Mediterranean\u201d; as Hotel Mare, we want to tell you why this unique peninsula is ideal for an unforgettable vacation. With its clean air, crystal-clear seas, historical texture, delicious cuisine, and peaceful atmosphere, Dat\u00e7a offers not just an escape, [&hellip;]<\/p>\n","protected":false},"author":1,"featured_media":0,"parent":0,"menu_order":0,"comment_status":"closed","ping_status":"closed","template":"elementor_header_footer","meta":{"footnotes":""},"class_list":["post-1536","page","type-page","status-publish","hentry"],"_links":{"self":[{"href":"https:\/\/www.hotelmare.com.tr\/en\/wp-json\/wp\/v2\/pages\/1536","targetHints":{"allow":["GET"]}}],"collection":[{"href":"https:\/\/www.hotelmare.com.tr\/en\/wp-json\/wp\/v2\/pages"}],"about":[{"href":"https:\/\/www.hotelmare.com.tr\/en\/wp-json\/wp\/v2\/types\/page"}],"author":[{"embeddable":true,"href":"https:\/\/www.hotelmare.com.tr\/en\/wp-json\/wp\/v2\/users\/1"}],"replies":[{"embeddable":true,"href":"https:\/\/www.hotelmare.com.tr\/en\/wp-json\/wp\/v2\/comments?post=1536"}],"version-history":[{"count":1,"href":"https:\/\/www.hotelmare.com.tr\/en\/wp-json\/wp\/v2\/pages\/1536\/revisions"}],"predecessor-version":[{"id":1540,"href":"https:\/\/www.hotelmare.com.tr\/en\/wp-json\/wp\/v2\/pages\/1536\/revisions\/1540"}],"wp:attachment":[{"href":"https:\/\/www.hotelmare.com.tr\/en\/wp-json\/wp\/v2\/media?parent=1536"}],"curies":[{"name":"wp","href":"https:\/\/api.w.org\/{rel}","templated":true}]}}